{"id":98,"date":"2025-10-15T09:09:35","date_gmt":"2025-10-15T09:09:35","guid":{"rendered":"https:\/\/gianghi.sgi.edu.vn\/?post_type=product&#038;p=98"},"modified":"2025-11-13T09:27:58","modified_gmt":"2025-11-13T09:27:58","slug":"du-an-chung-cu-starlake-tay-ho-tay","status":"publish","type":"product","link":"https:\/\/gianghi.sgi.edu.vn\/index.php\/san-pham\/du-an-chung-cu-starlake-tay-ho-tay\/","title":{"rendered":"D\u1ef0 \u00c1N CHUNG C\u01af STARLAKE T\u00c2Y H\u1ed2 T\u00c2Y"},"content":{"rendered":"<p>&nbsp;<\/p>\n<p><img fetchpriority=\"high\" decoding=\"async\" class=\" wp-image-2545 aligncenter\" src=\"https:\/\/senvanggroup.com\/wp-content\/uploads\/2021\/01\/tien-ich-starlake1.png\" alt=\"\" width=\"759\" height=\"242\" \/><\/p>\n<p><img decoding=\"async\" class=\" wp-image-2546 aligncenter\" src=\"https:\/\/senvanggroup.com\/wp-content\/uploads\/2021\/01\/tien-ich-starlake3.png\" alt=\"\" width=\"771\" height=\"246\" \/><\/p>\n","protected":false},"excerpt":{"rendered":"<p><strong>Chung c\u01b0 Starlake T\u00e2y H\u1ed3 T\u00e2y<\/strong>\u00a0bao g\u1ed3m 603 c\u0103n h\u1ed9 cao c\u1ea5p trong ba t\u00f2a th\u00e1p cao 24 t\u1ea7ng. L\u1ea5y c\u1ea3m h\u1ee9ng t\u1eeb phong c\u00e1ch thi\u1ebft k\u1ebf n\u1ed5i ti\u1ebfng H\u00e0n Qu\u1ed1c k\u1ebft h\u1ee3p v\u1edbi v\u0103n h\u00f3a Vi\u1ec7t Nam, t\u1ed5 h\u1ee3p chung c\u01b0 Starlake mang \u0111\u1ebfn m\u1ed9t n\u01a1i s\u1ed1ng sang tr\u1ecdng xen l\u1eabn s\u1ef1 y\u00ean b\u00ecnh trong m\u1ed9t b\u1ee9c tranh tuy\u1ec7t t\u00e1c \u0111\u01b0\u1ee3c s\u1eafp \u0111\u1eb7t gi\u1eefa th\u1ee7 \u0111\u00f4. T\u1ed5 h\u1ee3p chung c\u01b0 Starlake l\u00e0 \u0111\u1ecba \u0111i\u1ec3m l\u00fd t\u01b0\u1edfng \u0111\u1ec3 s\u1ed1ng, l\u00e0m vi\u1ec7c, h\u1ecdc t\u1eadp v\u00e0 vui ch\u01a1i, n\u01a1i v\u1ebb \u0111\u1eb9p hi\u1ec7n \u0111\u1ea1i h\u00f2a quy\u1ec7n c\u00f9ng v\u1edbi s\u1ef1 thanh b\u00ecnh c\u1ee7a thi\u00ean nhi\u00ean gi\u1eefa l\u00f2ng H\u00e0 N\u1ed9i.Ch\u1ee7 d\u1ef1 \u00e1n : C\u00d4NG TY TNHH PH\u00c1T TRI\u1ec2N THT<br \/>\nNh\u00e0 th\u1ea7u &amp; Ch\u1ee7 \u0111\u1ea7u t\u01b0 : Daewoo E&amp;C<br \/>\nT\u00e0i ch\u00ednh : Ng\u00e2n h\u00e0ng ph\u00e1t tri\u1ec3n H\u00e0n Qu\u1ed1c (KDB)<br \/>\nV\u1ecb tr\u00ed : Thu\u1ed9c \u0111\u1ecba gi\u1edbi h\u00e0nh ch\u00ednh ph\u01b0\u1eddng Xu\u00e2n La, Qu\u1eadn T\u00e2y H\u1ed3 &amp; ph\u01b0\u1eddng Ngh\u0129a \u0110\u00f4, Qu\u1eadn C\u1ea7u Gi\u1ea5y, Ph\u01b0\u1eddng Xu\u00e2n T\u1ea3o &amp; C\u1ed5 Nhu\u1ebf , Huy\u1ec7n T\u1eeb Li\u00eam.<br \/>\nQuy m\u00f4 d\u1ef1 \u00e1n<br \/>\n\u2013 D\u00e2n s\u1ed1 : 24.300 ng\u01b0\u1eddi<br \/>\n\u2013 Di\u1ec7n t\u00edch : 186.3 ha<\/p>\n<p>C\u00e1c ti\u1ec7n \u00edch m\u00e0 v\u1ecb tr\u00ed \u0111em l\u1ea1i cho c\u01b0 d\u00e2n khi s\u1ed1ng \u1edf \u0111\u00e2y nh\u01b0:<\/p>\n<p>&#8211; K\u1ec1 ngay nh\u00e0 h\u00e1t Th\u0103ng Long<\/p>\n<p>&#8211; K\u1ebft n\u1ed1i nhanh ch\u00f3ng v\u1edbi qu\u1ea3ng tr\u01b0\u1eddng trung t\u00e2m, c\u00e1c c\u00f4ng tr\u00ecnh th\u01b0\u01a1ng m\u1ea1i, khu trung t\u00e2m h\u00e0nh ch\u00ednh qu\u1ed1c gia<\/p>\n<p>&#8211; Li\u00ean k\u1ebft n\u1ed9i khu tuy\u1ec7t v\u1eddi, c\u00e1c c\u01b0 d\u00e2n t\u1ea1i chung c\u01b0 Star Lake c\u00f3 th\u1ec3 d\u1ec5 d\u00e0ng ti\u1ebfp c\u1eadn m\u1ecdi ti\u1ec7n \u00edch trong khu \u0111\u00f4 th\u1ecb ch\u1ec9 v\u1edbi v\u00e0i b\u01b0\u1edbc di chuy\u1ec3n<\/p>\n<p>&#8211; Ch\u1ec9 m\u1ea5t 7 ph\u00fat \u0111i b\u1ed9 \u0111\u1ec3 \u0111\u1ebfn H\u1ed3 T\u00e2y v\u00e0 3 ph\u00fat t\u1edbi Ho\u00e0ng Qu\u1ed1c Vi\u1ec7t<\/p>\n<p>&#8211; Kho\u1ea3ng c\u00e1ch l\u00fd t\u01b0\u1edfng c\u1ee7a chung c\u01b0 Starlake c\u0169ng gi\u00fap c\u01b0 d\u00e2n \u0111i v\u00e0 \u0111\u1ebfn m\u1ecdi n\u01a1i trong th\u00e0nh ph\u1ed1 m\u1ed9t c\u00e1ch d\u1ec5 d\u00e0ng t\u1edbi c\u00e1c khu v\u1ef1c h\u00e0nh ch\u00ednh c\u1ee7a H\u00e0 N\u1ed9i.<\/p>\n","protected":false},"featured_media":216,"comment_status":"open","ping_status":"closed","template":"","meta":[],"product_brand":[],"product_cat":[15],"product_tag":[],"class_list":{"0":"post-98","1":"product","2":"type-product","3":"status-publish","4":"has-post-thumbnail","6":"product_cat-chua-phan-loai","8":"first","9":"instock","10":"sale","11":"shipping-taxable","12":"purchasable","13":"product-type-simple"},"_links":{"self":[{"href":"https:\/\/gianghi.sgi.edu.vn\/index.php\/wp-json\/wp\/v2\/product\/98","targetHints":{"allow":["GET"]}}],"collection":[{"href":"https:\/\/gianghi.sgi.edu.vn\/index.php\/wp-json\/wp\/v2\/product"}],"about":[{"href":"https:\/\/gianghi.sgi.edu.vn\/index.php\/wp-json\/wp\/v2\/types\/product"}],"replies":[{"embeddable":true,"href":"https:\/\/gianghi.sgi.edu.vn\/index.php\/wp-json\/wp\/v2\/comments?post=98"}],"wp:featuredmedia":[{"embeddable":true,"href":"https:\/\/gianghi.sgi.edu.vn\/index.php\/wp-json\/wp\/v2\/media\/216"}],"wp:attachment":[{"href":"https:\/\/gianghi.sgi.edu.vn\/index.php\/wp-json\/wp\/v2\/media?parent=98"}],"wp:term":[{"taxonomy":"product_brand","embeddable":true,"href":"https:\/\/gianghi.sgi.edu.vn\/index.php\/wp-json\/wp\/v2\/product_brand?post=98"},{"taxonomy":"product_cat","embeddable":true,"href":"https:\/\/gianghi.sgi.edu.vn\/index.php\/wp-json\/wp\/v2\/product_cat?post=98"},{"taxonomy":"product_tag","embeddable":true,"href":"https:\/\/gianghi.sgi.edu.vn\/index.php\/wp-json\/wp\/v2\/product_tag?post=98"}],"curies":[{"name":"wp","href":"https:\/\/api.w.org\/{rel}","templated":true}]}}