{"id":97,"date":"2025-10-15T09:09:40","date_gmt":"2025-10-15T09:09:40","guid":{"rendered":"https:\/\/gianghi.sgi.edu.vn\/?post_type=product&#038;p=97"},"modified":"2025-11-13T09:33:12","modified_gmt":"2025-11-13T09:33:12","slug":"nhuong-lai-suat-ng-song-lap-goc-mat-bien-can-gio-tdx-16-0x-dien-tich-181m2-gia-uu-dai-ck-8","status":"publish","type":"product","link":"https:\/\/gianghi.sgi.edu.vn\/index.php\/san-pham\/nhuong-lai-suat-ng-song-lap-goc-mat-bien-can-gio-tdx-16-0x-dien-tich-181m2-gia-uu-dai-ck-8\/","title":{"rendered":"CH\u00cdNH CH\u1ee6 B\u00c1N NHANH NH\u00c0 \u0110\u01af\u1edcNG \u0110\u00d4NG H\u01afNG THU\u1eacN 5 &#8211; G\u1ea6N NG\u00c3 T\u01af AN S\u01af\u01a0NG"},"content":{"rendered":"<p>&nbsp;<\/p>\n<p><img decoding=\"async\" src=\"https:\/\/cloud.muaban.net\/images\/thumb-detail\/2025\/11\/10\/425\/9aa9912530eb48739870421a8cc27661.jpg\" alt=\"CH\u00cdNH CH\u1ee6 B\u00c1N NHANH NH\u00c0 \u0110\u01af\u1edcNG \u0110\u00d4NG H\u01afNG THU\u1eacN 5 - G\u1ea6N NG\u00c3 T\u01af AN S\u01af\u01a0NG\" \/><\/p>\n","protected":false},"excerpt":{"rendered":"<p>Nh\u00e0 \u0111\u1eb9p ch\u00ednh ch\u1ee7, sang t\u00ean c\u00f4ng ch\u1ee9ng nhanh ch\u00f3ng, nh\u00e0 1 tr\u1ec7t 2 l\u1ea7u, 4 ph\u00f2ng ng\u1ee7 l\u1edbn, 4 nh\u00e0 v\u1ec7 sinh, ph\u00f2ng kh\u00e1ch, b\u1ebfp, s\u00e2n th\u01b0\u1ee3ng<br \/>\nG\u1ea7n ch\u1ee3 an s\u01b0\u01a1ng, ng\u00e3 t\u01b0 an s\u01b0\u01a1ng, nguy\u1ec5n v\u0103n qu\u00e1, tr\u01b0\u1eddng chinh<br \/>\nLi\u00ean h\u1ec7 tr\u1ef1c ti\u1ebfp Th\u1ea3o \u0111\u1ec3 bi\u1ebft th\u00f4ng tin chi ti\u1ebft<\/p>\n","protected":false},"featured_media":215,"comment_status":"open","ping_status":"closed","template":"","meta":[],"product_brand":[],"product_cat":[15],"product_tag":[],"class_list":{"0":"post-97","1":"product","2":"type-product","3":"status-publish","4":"has-post-thumbnail","6":"product_cat-chua-phan-loai","8":"first","9":"instock","10":"sale","11":"shipping-taxable","12":"purchasable","13":"product-type-simple"},"_links":{"self":[{"href":"https:\/\/gianghi.sgi.edu.vn\/index.php\/wp-json\/wp\/v2\/product\/97","targetHints":{"allow":["GET"]}}],"collection":[{"href":"https:\/\/gianghi.sgi.edu.vn\/index.php\/wp-json\/wp\/v2\/product"}],"about":[{"href":"https:\/\/gianghi.sgi.edu.vn\/index.php\/wp-json\/wp\/v2\/types\/product"}],"replies":[{"embeddable":true,"href":"https:\/\/gianghi.sgi.edu.vn\/index.php\/wp-json\/wp\/v2\/comments?post=97"}],"wp:featuredmedia":[{"embeddable":true,"href":"https:\/\/gianghi.sgi.edu.vn\/index.php\/wp-json\/wp\/v2\/media\/215"}],"wp:attachment":[{"href":"https:\/\/gianghi.sgi.edu.vn\/index.php\/wp-json\/wp\/v2\/media?parent=97"}],"wp:term":[{"taxonomy":"product_brand","embeddable":true,"href":"https:\/\/gianghi.sgi.edu.vn\/index.php\/wp-json\/wp\/v2\/product_brand?post=97"},{"taxonomy":"product_cat","embeddable":true,"href":"https:\/\/gianghi.sgi.edu.vn\/index.php\/wp-json\/wp\/v2\/product_cat?post=97"},{"taxonomy":"product_tag","embeddable":true,"href":"https:\/\/gianghi.sgi.edu.vn\/index.php\/wp-json\/wp\/v2\/product_tag?post=97"}],"curies":[{"name":"wp","href":"https:\/\/api.w.org\/{rel}","templated":true}]}}