{"id":95,"date":"2025-10-15T09:08:09","date_gmt":"2025-10-15T09:08:09","guid":{"rendered":"https:\/\/gianghi.sgi.edu.vn\/?post_type=product&#038;p=95"},"modified":"2025-11-13T09:29:19","modified_gmt":"2025-11-13T09:29:19","slug":"du-an-udic-westlake","status":"publish","type":"product","link":"https:\/\/gianghi.sgi.edu.vn\/index.php\/san-pham\/du-an-udic-westlake\/","title":{"rendered":"D\u1ef0 \u00c1N UDIC WESTLAKE"},"content":{"rendered":"<p><img fetchpriority=\"high\" decoding=\"async\" class=\" wp-image-2527 aligncenter\" src=\"https:\/\/senvanggroup.com\/wp-content\/uploads\/2021\/01\/UDICWL_PV_03_BirdviewC.png\" alt=\"\" width=\"674\" height=\"379\" \/><\/p>\n<p><img decoding=\"async\" class=\" wp-image-2533 aligncenter\" src=\"https:\/\/senvanggroup.com\/wp-content\/uploads\/2021\/01\/can-ho-du-an-udic.png\" alt=\"\" width=\"712\" height=\"400\" \/><\/p>\n<p><img decoding=\"async\" class=\" wp-image-2534 aligncenter\" src=\"https:\/\/senvanggroup.com\/wp-content\/uploads\/2021\/01\/udic-west-lake-phong-khach.png\" alt=\"\" width=\"715\" height=\"402\" \/><\/p>\n","protected":false},"excerpt":{"rendered":"<p>D\u1ef1 \u00e1n chung c\u01b0 cao c\u1ea5p\u00a0<strong>Udic Westlake<\/strong>\u00a0qu\u1eadn T\u00e2y H\u1ed3, n\u1eb1m trong qu\u1ea7n th\u1ec3 khu \u0111\u00f4 th\u1ecb Ciputra, t\u1ecda l\u1ea1c tr\u00ean khu \u0111\u1ea5t r\u1ed9ng 3 ha ch\u1ea1y d\u1ecdc theo \u0111\u01b0\u1eddng V\u00f5 Ch\u00ed C\u00f4ng v\u1edbi quy m\u00f4 x\u00e2y 3 t\u00f2a th\u00e1p cao t\u1ea7ng. Chung c\u01b0 Udic Westlake c\u00f3 di\u1ec7n t\u00edch \u0111a d\u1ea1ng, thi\u1ebft k\u1ebf sang tr\u1ecdng, hi\u1ec7n \u0111\u1ea1i, \u0111\u00e1p \u1ee9ng m\u1ecdi nhu c\u1ea7u c\u1ee7a c\u00e1c h\u1ed9 gia \u0111\u00ecnh.<\/p>\n<p>Th\u00f4ng tin d\u1ef1 \u00e1n:<\/p>\n<p>&#8211; T\u00ean D\u1ef1 \u00e1n:\u00a0<strong>Chung c\u01b0 Udic Westlake<\/strong><\/p>\n<p>&#8211; Quy m\u00f4 d\u1ef1 \u00e1n: 3 T\u00f2a Th\u00e1p cao 17,19,23 t\u1ea7ng n\u1ed5i v\u00e0 2 t\u1ea7ng h\u1ea7m. T\u00f2a Th\u00e1p A \u2013 T\u00f2a Th\u00e1p B \u2013 T\u00f2a Th\u00e1p C<\/p>\n<p>&#8211; Ch\u1ee7 \u0111\u1ea7u t\u01b0: T\u1ed5ng C\u00f4ng Ty \u0110\u1ea7u T\u01b0 Ph\u00e1t Tri\u1ec3n H\u1ea1 T\u1ea7ng \u0110\u00f4 Th\u1ecb UDIC<\/p>\n<p>&#8211; \u0110\u01a1n v\u1ecb thi c\u00f4ng: T\u1ed5ng C\u00f4ng Ty \u0110\u1ea7u T\u01b0 Ph\u00e1t Tri\u1ec3n H\u1ea1 T\u1ea7ng \u0110\u00f4 Th\u1ecb UDIC<\/p>\n<p>&#8211; \u0110\u01a1n v\u1ecb t\u01b0 v\u1ea5n thi\u1ebft k\u1ebf: C\u00f4ng Ty CP T\u01b0 V\u1ea5n Ki\u1ebfn Tr\u00fac \u0110\u00f4 Th\u1ecb H\u00e0 N\u1ed9i \u2013 UAC<\/p>\n<p>&#8211; \u0110\u01a1n v\u1ecb t\u01b0 v\u1ea5n gi\u00e1m s\u00e1t: C\u00f4ng Ty C\u1ed5 Ph\u1ea7n TEXO T\u01b0 V\u1ea5n &amp; \u0110\u1ea7u T\u01b0<\/p>\n<p>&#8211; V\u1ecb tr\u00ed: L\u00f4 CT 04 K\u0110T Nam Th\u0103ng Long ( CIPUTRA) T\u00e2y H\u1ed3 \u2013 H\u00e0 N\u1ed9i<\/p>\n<p>&#8211; T\u1ed5ng di\u1ec7n t\u00edch: 29.616m2<\/p>\n<p>&#8211; T\u1ea7ng cao c\u00f4ng tr\u00ecnh: 17, 19 ,23\u00a0 T\u1ea7ng C\u0103n H\u1ed9; 02 T\u1ea7ng H\u1ea7m.<\/p>\n<p>&#8211; Di\u1ec7n t\u00edch c\u0103n h\u1ed9 \u0111a d\u1ea1ng: 2PN &amp; 3PN, 4PN v\u00e0 DUPLEX<\/p>\n<p>&#8211; Gia\u0301 ba\u0301n d\u01b0\u0323 ki\u00ea\u0301n : 30 \u2013 35tr\/m2<\/p>\n<p>&#8211; Ca\u0301c c\u0103n h\u00f4\u0323 2PN\u00a0 co\u0301 di\u00ea\u0323n ti\u0301ch 83.7m2 \u2013 85.6m2 \u2013 115m2<\/p>\n<p>&#8211; C\u0103n h\u1ed9 3PN c\u00f3 di\u1ec7n t\u00edch t\u1eeb 126m2 \u2013 -166m2<\/p>\n<p>&#8211; C\u0103n h\u1ed9 4PN c\u00f3 di\u1ec7n t\u00edch 147m2.<\/p>\n","protected":false},"featured_media":276,"comment_status":"open","ping_status":"closed","template":"","meta":[],"product_brand":[],"product_cat":[15],"product_tag":[],"class_list":{"0":"post-95","1":"product","2":"type-product","3":"status-publish","4":"has-post-thumbnail","6":"product_cat-chua-phan-loai","8":"first","9":"instock","10":"sale","11":"shipping-taxable","12":"purchasable","13":"product-type-simple"},"_links":{"self":[{"href":"https:\/\/gianghi.sgi.edu.vn\/index.php\/wp-json\/wp\/v2\/product\/95","targetHints":{"allow":["GET"]}}],"collection":[{"href":"https:\/\/gianghi.sgi.edu.vn\/index.php\/wp-json\/wp\/v2\/product"}],"about":[{"href":"https:\/\/gianghi.sgi.edu.vn\/index.php\/wp-json\/wp\/v2\/types\/product"}],"replies":[{"embeddable":true,"href":"https:\/\/gianghi.sgi.edu.vn\/index.php\/wp-json\/wp\/v2\/comments?post=95"}],"wp:featuredmedia":[{"embeddable":true,"href":"https:\/\/gianghi.sgi.edu.vn\/index.php\/wp-json\/wp\/v2\/media\/276"}],"wp:attachment":[{"href":"https:\/\/gianghi.sgi.edu.vn\/index.php\/wp-json\/wp\/v2\/media?parent=95"}],"wp:term":[{"taxonomy":"product_brand","embeddable":true,"href":"https:\/\/gianghi.sgi.edu.vn\/index.php\/wp-json\/wp\/v2\/product_brand?post=95"},{"taxonomy":"product_cat","embeddable":true,"href":"https:\/\/gianghi.sgi.edu.vn\/index.php\/wp-json\/wp\/v2\/product_cat?post=95"},{"taxonomy":"product_tag","embeddable":true,"href":"https:\/\/gianghi.sgi.edu.vn\/index.php\/wp-json\/wp\/v2\/product_tag?post=95"}],"curies":[{"name":"wp","href":"https:\/\/api.w.org\/{rel}","templated":true}]}}