{"id":94,"date":"2025-10-15T09:09:25","date_gmt":"2025-10-15T09:09:25","guid":{"rendered":"https:\/\/gianghi.sgi.edu.vn\/?post_type=product&#038;p=94"},"modified":"2025-11-13T09:23:44","modified_gmt":"2025-11-13T09:23:44","slug":"ban-nha-hem-nguyen-hong-p01-go-vap","status":"publish","type":"product","link":"https:\/\/gianghi.sgi.edu.vn\/index.php\/san-pham\/ban-nha-hem-nguyen-hong-p01-go-vap\/","title":{"rendered":"B\u00e1n nh\u00e0 h\u1ebbm Nguy\u00ean H\u1ed3ng, P01, G\u00f2 V\u1ea5p"},"content":{"rendered":"<p>&nbsp;<\/p>\n<p>t<img fetchpriority=\"high\" decoding=\"async\" class=\"alignnone wp-image-99\" src=\"https:\/\/gianghi.sgi.edu.vn\/wp-content\/uploads\/2025\/10\/z7088535507358_38f0813e60ab729f6188ca62bdc24ef9-225x300.jpg\" alt=\"\" width=\"449\" height=\"599\" srcset=\"https:\/\/gianghi.sgi.edu.vn\/wp-content\/uploads\/2025\/10\/z7088535507358_38f0813e60ab729f6188ca62bdc24ef9-225x300.jpg 225w, https:\/\/gianghi.sgi.edu.vn\/wp-content\/uploads\/2025\/10\/z7088535507358_38f0813e60ab729f6188ca62bdc24ef9-600x800.jpg 600w, https:\/\/gianghi.sgi.edu.vn\/wp-content\/uploads\/2025\/10\/z7088535507358_38f0813e60ab729f6188ca62bdc24ef9-768x1024.jpg 768w, https:\/\/gianghi.sgi.edu.vn\/wp-content\/uploads\/2025\/10\/z7088535507358_38f0813e60ab729f6188ca62bdc24ef9-1152x1536.jpg 1152w, https:\/\/gianghi.sgi.edu.vn\/wp-content\/uploads\/2025\/10\/z7088535507358_38f0813e60ab729f6188ca62bdc24ef9.jpg 1313w\" sizes=\"(max-width: 449px) 100vw, 449px\" \/><\/p>\n<p>&nbsp;<\/p>\n","protected":false},"excerpt":{"rendered":"<p>11.3 t\u1ef7\ud83c\udfaf\u00a0MT gi\u00e1 r\u1ebb, Nh\u00e0 trung t\u00e2m, gi\u00e1 b\u00ecnh d\u00e2n<br \/>\nB\u00e1n nh\u00e0 h\u1ebbm Nguy\u00ean H\u1ed3ng, P01, G\u00f2 V\u1ea5p, nhanh mua c\u00f2n k\u1ecbp.<br \/>\n\u26a1\ufe0f\u00a0Di\u1ec7n t\u00edch: 2.95\u00d716.2m n\u1edf h\u1eadu 3.3m ~ 44.6m2<br \/>\n\u26a1\ufe0f Hi\u1ec7n tr\u1ea1ng: tr\u1ec7t, L\u1eedng, 3 l\u1ea7u, DT s\u00e0n 1m2<br \/>\n\u26a1\ufe0f\u00a0C\u00f4ng n\u0103ng: 6pn,7wc<br \/>\n\u26a1\ufe0f\u00a0H\u01b0\u1edbng: \u0110\u00f4ng b\u1eafc<br \/>\n\u26a1\ufe0f\u00a0V\u1ecb tr\u00ed giao th\u00f4ng thu\u1eadn ti\u1ec7n di chuy\u1ec3n sang nhi\u1ec1u qu\u1eadn kh\u00e1c nhau, ti\u1ec7n \u00edch \u0111\u1ea7y \u0111\u1ee7<br \/>\n\ud83d\udcb0\u00a0Gi\u00e1: 11.3 t\u1ef7 mua nhanh c\u00f3 gi\u00e1 t\u1ed1t<\/p>\n","protected":false},"featured_media":151,"comment_status":"open","ping_status":"closed","template":"","meta":[],"product_brand":[],"product_cat":[15],"product_tag":[],"class_list":{"0":"post-94","1":"product","2":"type-product","3":"status-publish","4":"has-post-thumbnail","6":"product_cat-chua-phan-loai","8":"first","9":"instock","10":"sale","11":"shipping-taxable","12":"purchasable","13":"product-type-simple"},"_links":{"self":[{"href":"https:\/\/gianghi.sgi.edu.vn\/index.php\/wp-json\/wp\/v2\/product\/94","targetHints":{"allow":["GET"]}}],"collection":[{"href":"https:\/\/gianghi.sgi.edu.vn\/index.php\/wp-json\/wp\/v2\/product"}],"about":[{"href":"https:\/\/gianghi.sgi.edu.vn\/index.php\/wp-json\/wp\/v2\/types\/product"}],"replies":[{"embeddable":true,"href":"https:\/\/gianghi.sgi.edu.vn\/index.php\/wp-json\/wp\/v2\/comments?post=94"}],"wp:featuredmedia":[{"embeddable":true,"href":"https:\/\/gianghi.sgi.edu.vn\/index.php\/wp-json\/wp\/v2\/media\/151"}],"wp:attachment":[{"href":"https:\/\/gianghi.sgi.edu.vn\/index.php\/wp-json\/wp\/v2\/media?parent=94"}],"wp:term":[{"taxonomy":"product_brand","embeddable":true,"href":"https:\/\/gianghi.sgi.edu.vn\/index.php\/wp-json\/wp\/v2\/product_brand?post=94"},{"taxonomy":"product_cat","embeddable":true,"href":"https:\/\/gianghi.sgi.edu.vn\/index.php\/wp-json\/wp\/v2\/product_cat?post=94"},{"taxonomy":"product_tag","embeddable":true,"href":"https:\/\/gianghi.sgi.edu.vn\/index.php\/wp-json\/wp\/v2\/product_tag?post=94"}],"curies":[{"name":"wp","href":"https:\/\/api.w.org\/{rel}","templated":true}]}}