{"id":84,"date":"2025-10-15T09:06:01","date_gmt":"2025-10-15T09:06:01","guid":{"rendered":"https:\/\/gianghi.sgi.edu.vn\/?post_type=product&#038;p=84"},"modified":"2025-11-13T09:25:42","modified_gmt":"2025-11-13T09:25:42","slug":"tang-xe-may-vision-moi-koong-nha-rong-duong-thong-buon-ban-o-to-tranh-ban-nhanh-trong-thang-8","status":"publish","type":"product","link":"https:\/\/gianghi.sgi.edu.vn\/index.php\/san-pham\/tang-xe-may-vision-moi-koong-nha-rong-duong-thong-buon-ban-o-to-tranh-ban-nhanh-trong-thang-8\/","title":{"rendered":"T\u1eb7ng xe m\u00e1y vision m\u1edbi koong, nh\u00e0 r\u1ed9ng, \u0111\u01b0\u1eddng th\u00f4ng bu\u00f4n b\u00e1n, \u00f4 t\u00f4 tr\u00e1nh, b\u00e1n nhanh trong th\u00e1ng 8"},"content":{"rendered":"<p>\u00ed.<img fetchpriority=\"high\" decoding=\"async\" class=\"alignnone wp-image-92\" src=\"https:\/\/gianghi.sgi.edu.vn\/wp-content\/uploads\/2025\/10\/20251011121606-0867_wm-300x300.jpg\" alt=\"\" width=\"696\" height=\"696\" srcset=\"https:\/\/gianghi.sgi.edu.vn\/wp-content\/uploads\/2025\/10\/20251011121606-0867_wm-300x300.jpg 300w, https:\/\/gianghi.sgi.edu.vn\/wp-content\/uploads\/2025\/10\/20251011121606-0867_wm-100x100.jpg 100w, https:\/\/gianghi.sgi.edu.vn\/wp-content\/uploads\/2025\/10\/20251011121606-0867_wm-600x600.jpg 600w, https:\/\/gianghi.sgi.edu.vn\/wp-content\/uploads\/2025\/10\/20251011121606-0867_wm-150x150.jpg 150w, https:\/\/gianghi.sgi.edu.vn\/wp-content\/uploads\/2025\/10\/20251011121606-0867_wm.jpg 717w\" sizes=\"(max-width: 696px) 100vw, 696px\" \/><\/p>\n","protected":false},"excerpt":{"rendered":"<p>B\u00e1n nh\u00e0 \u0111\u01b0\u1eddng \u00f4 t\u00f4 Tr\u1ea7n Th\u1ecb N\u0103m, Trung M\u1ef9 T\u00e2y Qu\u1eadn 12<br \/>\n+ Nh\u00e0 m\u1edbi koong, v\u1ecb tr\u00ed \u0111\u01b0\u1eddng Tr\u1ea7n Th\u1ecb N\u0103m v\u00e0o 40m, \u0111\u01b0\u1eddng th\u00f4ng 2 \u00f4 t\u00f4 tr\u00e1nh, bu\u00f4n b\u00e1n m\u1edf v\u0103n ph\u00f2ng, \u1edf \u0111i \u0111\u00e2u c\u0169ng ti\u1ec7n.<br \/>\n+ Di\u1ec7n t\u00edch 59m\u00b2, ngang 4.5m, g\u1ed3m 5 t\u1ea7ng, 6PN, 5WC,<br \/>\n+ Ti\u1ec7n \u00edch kh\u00f4ng thi\u1ebfu th\u1ee9 g\u00ec, g\u1ea7n c\u00e1c tr\u01b0\u1eddng t\u1eeb m\u1eabu gi\u00e1o \u0111\u1ebfn \u0110\u1ea1i H\u1ecdc. Khu d\u00e2n c\u01b0 v\u0103n minh l\u1ecbch s\u1ef1.<\/p>\n<p>+ Nh\u00e0 h\u00e0ng kh\u00e1ch s\u1ea1n, si\u00eau th\u1ecb ch\u1ec9 v\u00e0i b\u01b0\u1edbc ch\u00e2n. Di chuy\u1ec3n sang G\u00f2 V\u1ea5p, S\u00e2n bay r\u1ea5t g\u1ea7n.<br \/>\n+ S\u1ed5 \u0111\u1ecf ho\u00e0n c\u00f4ng \u0111\u1ea7y \u0111\u1ee7, gi\u00e1 tr\u00ean c\u00f2n th\u01b0\u01a1ng l\u01b0\u1ee3ng cho kh\u00e1ch thi\u1ec7n ch\u00ed.<\/p>\n","protected":false},"featured_media":75,"comment_status":"open","ping_status":"closed","template":"","meta":[],"product_brand":[],"product_cat":[15],"product_tag":[],"class_list":{"0":"post-84","1":"product","2":"type-product","3":"status-publish","4":"has-post-thumbnail","6":"product_cat-chua-phan-loai","8":"first","9":"instock","10":"sale","11":"shipping-taxable","12":"purchasable","13":"product-type-simple"},"_links":{"self":[{"href":"https:\/\/gianghi.sgi.edu.vn\/index.php\/wp-json\/wp\/v2\/product\/84","targetHints":{"allow":["GET"]}}],"collection":[{"href":"https:\/\/gianghi.sgi.edu.vn\/index.php\/wp-json\/wp\/v2\/product"}],"about":[{"href":"https:\/\/gianghi.sgi.edu.vn\/index.php\/wp-json\/wp\/v2\/types\/product"}],"replies":[{"embeddable":true,"href":"https:\/\/gianghi.sgi.edu.vn\/index.php\/wp-json\/wp\/v2\/comments?post=84"}],"wp:featuredmedia":[{"embeddable":true,"href":"https:\/\/gianghi.sgi.edu.vn\/index.php\/wp-json\/wp\/v2\/media\/75"}],"wp:attachment":[{"href":"https:\/\/gianghi.sgi.edu.vn\/index.php\/wp-json\/wp\/v2\/media?parent=84"}],"wp:term":[{"taxonomy":"product_brand","embeddable":true,"href":"https:\/\/gianghi.sgi.edu.vn\/index.php\/wp-json\/wp\/v2\/product_brand?post=84"},{"taxonomy":"product_cat","embeddable":true,"href":"https:\/\/gianghi.sgi.edu.vn\/index.php\/wp-json\/wp\/v2\/product_cat?post=84"},{"taxonomy":"product_tag","embeddable":true,"href":"https:\/\/gianghi.sgi.edu.vn\/index.php\/wp-json\/wp\/v2\/product_tag?post=84"}],"curies":[{"name":"wp","href":"https:\/\/api.w.org\/{rel}","templated":true}]}}