{"id":73,"date":"2025-10-15T09:05:13","date_gmt":"2025-10-15T09:05:13","guid":{"rendered":"https:\/\/gianghi.sgi.edu.vn\/?post_type=product&#038;p=73"},"modified":"2025-11-13T09:26:15","modified_gmt":"2025-11-13T09:26:15","slug":"du-an-6th-element","status":"publish","type":"product","link":"https:\/\/gianghi.sgi.edu.vn\/index.php\/san-pham\/du-an-6th-element\/","title":{"rendered":"C\u1ea7n b\u00e1n nh\u00e0 m\u1eb7t ti\u1ec1n trung t\u00e2m qu\u1eadn 3"},"content":{"rendered":"<p><img decoding=\"async\" src=\"https:\/\/cloud.muaban.net\/cdn-cgi\/image\/format=auto,quality=85\/images\/thumb-detail\/2025\/11\/13\/070\/c2d3a32a189b4b8a98384bbe8d69bf36.jpg\" alt=\"Image\" \/><\/p>\n","protected":false},"excerpt":{"rendered":"<p>B\u00c1N NH\u00c0 NGUY\u00caN C\u0102N TRUNG T\u00c2M QU\u1eacN 3 \u2013 V\u00d5 V\u0102N T\u1ea6N (\u0110O\u1ea0N 2 CHI\u1ec0U), V\u1eca TR\u00cd V\u00c0NG KINH DOANH M\u1eccI NG\u00c0NH NGH\u1ec0!<br \/>\n\ud83d\udccd \u0110\u1ecba ch\u1ec9: 214Bis V\u00f5 V\u0103n T\u1ea7n, P.5, Q.3 (\u0111o\u1ea1n 2 chi\u1ec1u, c\u1ef1c k\u1ef3 hi\u1ebfm)<br \/>\n\ud83d\udcd0 Di\u1ec7n t\u00edch: 42m\u00b2<br \/>\n\ud83c\udfe0 K\u1ebft c\u1ea5u: 1 tr\u1ec7t, 2 l\u1ea7u ki\u00ean c\u1ed1 \u2013 thi\u1ebft k\u1ebf tho\u00e1ng, \u0111\u1ea7y \u0111\u1ee7 \u00e1nh s\u00e1ng t\u1ef1 nhi\u00ean<br \/>\n\ud83d\udca5 \u01afu \u0111i\u1ec3m n\u1ed5i b\u1eadt:<br \/>\nN\u1eb1m ngay \u0111o\u1ea1n V\u00f5 V\u0103n T\u1ea7n 2 chi\u1ec1u \u2013 tuy\u1ebfn \u0111\u01b0\u1eddng s\u1ea7m u\u1ea5t b\u1eadc nh\u1ea5t Qu\u1eadn 3<br \/>\nKhu v\u1ef1c t\u1eadp trung nhi\u1ec1u qu\u00e1n \u0103n n\u1ed5i ti\u1ebfng, th\u01b0\u01a1ng hi\u1ec7u th\u1eddi trang, c\u00e0 ph\u00ea, spa\u2026<br \/>\nG\u1ea7n B\u1ec7nh vi\u1ec7n T\u1eeb D\u0169, C\u00f4ng vi\u00ean Tao \u0110\u00e0n, CMT8, Nguy\u1ec5n Th\u1ecb Minh Khai \u2013 di chuy\u1ec3n v\u00f4 c\u00f9ng thu\u1eadn ti\u1ec7n<br \/>\nKhu d\u00e2n tr\u00ed cao, an ninh, bu\u00f4n b\u00e1n nh\u1ed9n nh\u1ecbp ng\u00e0y \u0111\u00eam<br \/>\n\ud83c\udfea Ph\u00f9 h\u1ee3p cho:<br \/>\n\ud83d\udc49 M\u1edf qu\u00e1n c\u00e0 ph\u00ea, th\u1eddi trang, spa, v\u0103n ph\u00f2ng, showroom, studio, c\u1eeda h\u00e0ng d\u1ecbch v\u1ee5 \u0103n u\u1ed1ng, online k\u1ebft h\u1ee3p \u1edf&#8230;<br \/>\n\ud83d\udcb8 Gi\u00e1 b\u00e1n: B\u00e1n 27 t\u1ef7<br \/>\nTh\u01b0\u01a1ng l\u01b0\u1ee3ng tr\u1ef1c ti\u1ebfp \u2013 gi\u00e1 t\u1ed1t<\/p>\n","protected":false},"featured_media":216,"comment_status":"open","ping_status":"closed","template":"","meta":[],"product_brand":[],"product_cat":[15],"product_tag":[],"class_list":{"0":"post-73","1":"product","2":"type-product","3":"status-publish","4":"has-post-thumbnail","6":"product_cat-chua-phan-loai","8":"first","9":"instock","10":"sale","11":"shipping-taxable","12":"purchasable","13":"product-type-simple"},"_links":{"self":[{"href":"https:\/\/gianghi.sgi.edu.vn\/index.php\/wp-json\/wp\/v2\/product\/73","targetHints":{"allow":["GET"]}}],"collection":[{"href":"https:\/\/gianghi.sgi.edu.vn\/index.php\/wp-json\/wp\/v2\/product"}],"about":[{"href":"https:\/\/gianghi.sgi.edu.vn\/index.php\/wp-json\/wp\/v2\/types\/product"}],"replies":[{"embeddable":true,"href":"https:\/\/gianghi.sgi.edu.vn\/index.php\/wp-json\/wp\/v2\/comments?post=73"}],"wp:featuredmedia":[{"embeddable":true,"href":"https:\/\/gianghi.sgi.edu.vn\/index.php\/wp-json\/wp\/v2\/media\/216"}],"wp:attachment":[{"href":"https:\/\/gianghi.sgi.edu.vn\/index.php\/wp-json\/wp\/v2\/media?parent=73"}],"wp:term":[{"taxonomy":"product_brand","embeddable":true,"href":"https:\/\/gianghi.sgi.edu.vn\/index.php\/wp-json\/wp\/v2\/product_brand?post=73"},{"taxonomy":"product_cat","embeddable":true,"href":"https:\/\/gianghi.sgi.edu.vn\/index.php\/wp-json\/wp\/v2\/product_cat?post=73"},{"taxonomy":"product_tag","embeddable":true,"href":"https:\/\/gianghi.sgi.edu.vn\/index.php\/wp-json\/wp\/v2\/product_tag?post=73"}],"curies":[{"name":"wp","href":"https:\/\/api.w.org\/{rel}","templated":true}]}}