{"id":72,"date":"2025-10-15T08:58:47","date_gmt":"2025-10-15T08:58:47","guid":{"rendered":"https:\/\/gianghi.sgi.edu.vn\/?post_type=product&#038;p=72"},"modified":"2025-11-13T09:18:52","modified_gmt":"2025-11-13T09:18:52","slug":"nha-1-to-ngoc-van-duong-thong-ngay-cho-minh-phat-oto-thong-nga-4ga","status":"publish","type":"product","link":"https:\/\/gianghi.sgi.edu.vn\/index.php\/san-pham\/nha-1-to-ngoc-van-duong-thong-ngay-cho-minh-phat-oto-thong-nga-4ga\/","title":{"rendered":"nh\u00e0 1\/t\u00f4 ng\u1ecdc v\u00e2n \u0111\u01b0\u1eddng th\u00f4ng ngay Ch\u1ee3 Minh Ph\u00e1t ! oto th\u00f4ng ng\u00e3 4Ga"},"content":{"rendered":"<div id='gallery-1' class='gallery galleryid-72 gallery-columns-3 gallery-size-thumbnail'><figure class='gallery-item'>\n\t\t\t<div class='gallery-icon landscape'>\n\t\t\t\t<a href='https:\/\/gianghi.sgi.edu.vn\/?attachment_id=74'><img decoding=\"async\" width=\"150\" height=\"150\" src=\"https:\/\/gianghi.sgi.edu.vn\/wp-content\/uploads\/2025\/10\/c-150x150.jpg\" class=\"attachment-thumbnail size-thumbnail\" alt=\"\" srcset=\"https:\/\/gianghi.sgi.edu.vn\/wp-content\/uploads\/2025\/10\/c-150x150.jpg 150w, https:\/\/gianghi.sgi.edu.vn\/wp-content\/uploads\/2025\/10\/c-300x300.jpg 300w, https:\/\/gianghi.sgi.edu.vn\/wp-content\/uploads\/2025\/10\/c-100x100.jpg 100w\" sizes=\"(max-width: 150px) 100vw, 150px\" \/><\/a>\n\t\t\t<\/div><\/figure><figure class='gallery-item'>\n\t\t\t<div class='gallery-icon landscape'>\n\t\t\t\t<a href='https:\/\/gianghi.sgi.edu.vn\/?attachment_id=76'><img decoding=\"async\" width=\"150\" height=\"150\" src=\"https:\/\/gianghi.sgi.edu.vn\/wp-content\/uploads\/2025\/10\/9ae90bf79c4430ef6dffc9e572ac16a9-2949994116566926520-150x150.jpg\" class=\"attachment-thumbnail size-thumbnail\" alt=\"\" srcset=\"https:\/\/gianghi.sgi.edu.vn\/wp-content\/uploads\/2025\/10\/9ae90bf79c4430ef6dffc9e572ac16a9-2949994116566926520-150x150.jpg 150w, https:\/\/gianghi.sgi.edu.vn\/wp-content\/uploads\/2025\/10\/9ae90bf79c4430ef6dffc9e572ac16a9-2949994116566926520-300x300.jpg 300w, https:\/\/gianghi.sgi.edu.vn\/wp-content\/uploads\/2025\/10\/9ae90bf79c4430ef6dffc9e572ac16a9-2949994116566926520-100x100.jpg 100w\" sizes=\"(max-width: 150px) 100vw, 150px\" \/><\/a>\n\t\t\t<\/div><\/figure><figure class='gallery-item'>\n\t\t\t<div class='gallery-icon landscape'>\n\t\t\t\t<a href='https:\/\/gianghi.sgi.edu.vn\/?attachment_id=75'><img decoding=\"async\" width=\"150\" height=\"150\" src=\"https:\/\/gianghi.sgi.edu.vn\/wp-content\/uploads\/2025\/10\/286bff6eac19ef9f8bfa12aacab7e7ba-2949994118160827576-150x150.jpg\" class=\"attachment-thumbnail size-thumbnail\" alt=\"\" srcset=\"https:\/\/gianghi.sgi.edu.vn\/wp-content\/uploads\/2025\/10\/286bff6eac19ef9f8bfa12aacab7e7ba-2949994118160827576-150x150.jpg 150w, https:\/\/gianghi.sgi.edu.vn\/wp-content\/uploads\/2025\/10\/286bff6eac19ef9f8bfa12aacab7e7ba-2949994118160827576-300x300.jpg 300w, https:\/\/gianghi.sgi.edu.vn\/wp-content\/uploads\/2025\/10\/286bff6eac19ef9f8bfa12aacab7e7ba-2949994118160827576-100x100.jpg 100w\" sizes=\"(max-width: 150px) 100vw, 150px\" \/><\/a>\n\t\t\t<\/div><\/figure>\n\t\t<\/div>\n\n<p>&nbsp;<\/p>\n","protected":false},"excerpt":{"rendered":"<p>B\u00e1n nh\u00e0 \u0111\u01b0\u1eddng \u00f4 t\u00f4 Tr\u1ea7n Th\u1ecb N\u0103m, Trung M\u1ef9 T\u00e2y Qu\u1eadn 12<br \/>\n+ Nh\u00e0 m\u1edbi koong, v\u1ecb tr\u00ed \u0111\u01b0\u1eddng Tr\u1ea7n Th\u1ecb N\u0103m v\u00e0o 40m, \u0111\u01b0\u1eddng th\u00f4ng 2 \u00f4 t\u00f4 tr\u00e1nh, bu\u00f4n b\u00e1n m\u1edf v\u0103n ph\u00f2ng, \u1edf \u0111i \u0111\u00e2u c\u0169ng ti\u1ec7n.<br \/>\n+ Di\u1ec7n t\u00edch 59m\u00b2, ngang 4.5m, g\u1ed3m 5 t\u1ea7ng, 6PN, 5WC,<br \/>\n+ Ti\u1ec7n \u00edch kh\u00f4ng thi\u1ebfu th\u1ee9 g\u00ec, g\u1ea7n c\u00e1c tr\u01b0\u1eddng t\u1eeb m\u1eabu gi\u00e1o \u0111\u1ebfn \u0110\u1ea1i H\u1ecdc. Khu d\u00e2n c\u01b0 v\u0103n minh l\u1ecbch s\u1ef1.<\/p>\n<p>+ Nh\u00e0 h\u00e0ng kh\u00e1ch s\u1ea1n, si\u00eau th\u1ecb ch\u1ec9 v\u00e0i b\u01b0\u1edbc ch\u00e2n. Di chuy\u1ec3n sang G\u00f2 V\u1ea5p, S\u00e2n bay r\u1ea5t g\u1ea7n<\/p>\n","protected":false},"featured_media":92,"comment_status":"open","ping_status":"closed","template":"","meta":[],"product_brand":[],"product_cat":[15],"product_tag":[],"class_list":{"0":"post-72","1":"product","2":"type-product","3":"status-publish","4":"has-post-thumbnail","6":"product_cat-chua-phan-loai","8":"first","9":"instock","10":"sale","11":"shipping-taxable","12":"purchasable","13":"product-type-simple"},"_links":{"self":[{"href":"https:\/\/gianghi.sgi.edu.vn\/index.php\/wp-json\/wp\/v2\/product\/72","targetHints":{"allow":["GET"]}}],"collection":[{"href":"https:\/\/gianghi.sgi.edu.vn\/index.php\/wp-json\/wp\/v2\/product"}],"about":[{"href":"https:\/\/gianghi.sgi.edu.vn\/index.php\/wp-json\/wp\/v2\/types\/product"}],"replies":[{"embeddable":true,"href":"https:\/\/gianghi.sgi.edu.vn\/index.php\/wp-json\/wp\/v2\/comments?post=72"}],"wp:featuredmedia":[{"embeddable":true,"href":"https:\/\/gianghi.sgi.edu.vn\/index.php\/wp-json\/wp\/v2\/media\/92"}],"wp:attachment":[{"href":"https:\/\/gianghi.sgi.edu.vn\/index.php\/wp-json\/wp\/v2\/media?parent=72"}],"wp:term":[{"taxonomy":"product_brand","embeddable":true,"href":"https:\/\/gianghi.sgi.edu.vn\/index.php\/wp-json\/wp\/v2\/product_brand?post=72"},{"taxonomy":"product_cat","embeddable":true,"href":"https:\/\/gianghi.sgi.edu.vn\/index.php\/wp-json\/wp\/v2\/product_cat?post=72"},{"taxonomy":"product_tag","embeddable":true,"href":"https:\/\/gianghi.sgi.edu.vn\/index.php\/wp-json\/wp\/v2\/product_tag?post=72"}],"curies":[{"name":"wp","href":"https:\/\/api.w.org\/{rel}","templated":true}]}}