{"id":145,"date":"2025-10-20T09:30:11","date_gmt":"2025-10-20T09:30:11","guid":{"rendered":"https:\/\/gianghi.sgi.edu.vn\/?post_type=product&#038;p=145"},"modified":"2025-11-13T08:08:03","modified_gmt":"2025-11-13T08:08:03","slug":"ban-gap-can-ho-3pn-vinhomes-grand-park-q9-view-song-thoang-mat-gia-chi-31-ty","status":"publish","type":"product","link":"https:\/\/gianghi.sgi.edu.vn\/index.php\/san-pham\/ban-gap-can-ho-3pn-vinhomes-grand-park-q9-view-song-thoang-mat-gia-chi-31-ty\/","title":{"rendered":"B\u00e1n g\u1ea5p c\u0103n h\u1ed9 3PN, Vinhomes Grand Park Q9 view s\u00f4ng tho\u00e1ng m\u00e1t, gi\u00e1 ch\u1ec9 3,1 T\u1ef7"},"content":{"rendered":"<p>&nbsp;<\/p>\n<p><img decoding=\"async\" src=\"https:\/\/file4.batdongsan.com.vn\/2025\/04\/24\/20250424151659-f41d_wm.jpg\" \/><\/p>\n<p>&nbsp;<\/p>\n","protected":false},"excerpt":{"rendered":"<p>Ch\u00ednh ch\u1ee7 k\u1eb9t ti\u1ec1n g\u1eedi b\u00e1n g\u1ea5p c\u0103n h\u1ed9 3PN khu Vinhomes Grand Park.<br \/>\n&#8211; C\u0103n g\u00f3c 3PN view s\u00f4ng tho\u00e1ng m\u00e1t.<br \/>\n&#8211; Di\u1ec7n t\u00edch 82m<\/p>\n","protected":false},"featured_media":236,"comment_status":"open","ping_status":"closed","template":"","meta":[],"product_brand":[],"product_cat":[15],"product_tag":[],"class_list":{"0":"post-145","1":"product","2":"type-product","3":"status-publish","4":"has-post-thumbnail","6":"product_cat-chua-phan-loai","8":"first","9":"instock","10":"sale","11":"shipping-taxable","12":"purchasable","13":"product-type-simple"},"_links":{"self":[{"href":"https:\/\/gianghi.sgi.edu.vn\/index.php\/wp-json\/wp\/v2\/product\/145","targetHints":{"allow":["GET"]}}],"collection":[{"href":"https:\/\/gianghi.sgi.edu.vn\/index.php\/wp-json\/wp\/v2\/product"}],"about":[{"href":"https:\/\/gianghi.sgi.edu.vn\/index.php\/wp-json\/wp\/v2\/types\/product"}],"replies":[{"embeddable":true,"href":"https:\/\/gianghi.sgi.edu.vn\/index.php\/wp-json\/wp\/v2\/comments?post=145"}],"wp:featuredmedia":[{"embeddable":true,"href":"https:\/\/gianghi.sgi.edu.vn\/index.php\/wp-json\/wp\/v2\/media\/236"}],"wp:attachment":[{"href":"https:\/\/gianghi.sgi.edu.vn\/index.php\/wp-json\/wp\/v2\/media?parent=145"}],"wp:term":[{"taxonomy":"product_brand","embeddable":true,"href":"https:\/\/gianghi.sgi.edu.vn\/index.php\/wp-json\/wp\/v2\/product_brand?post=145"},{"taxonomy":"product_cat","embeddable":true,"href":"https:\/\/gianghi.sgi.edu.vn\/index.php\/wp-json\/wp\/v2\/product_cat?post=145"},{"taxonomy":"product_tag","embeddable":true,"href":"https:\/\/gianghi.sgi.edu.vn\/index.php\/wp-json\/wp\/v2\/product_tag?post=145"}],"curies":[{"name":"wp","href":"https:\/\/api.w.org\/{rel}","templated":true}]}}