{"id":125,"date":"2025-10-15T09:25:59","date_gmt":"2025-10-15T09:25:59","guid":{"rendered":"https:\/\/gianghi.sgi.edu.vn\/?post_type=product&#038;p=125"},"modified":"2025-11-13T08:08:55","modified_gmt":"2025-11-13T08:08:55","slug":"elysian-gio-hang-doc-quyen-can-ho-studio-2-686-ty-1pn-3-350-ty-2pn-5-523-ty-bao-thue-phi","status":"publish","type":"product","link":"https:\/\/gianghi.sgi.edu.vn\/index.php\/san-pham\/elysian-gio-hang-doc-quyen-can-ho-studio-2-686-ty-1pn-3-350-ty-2pn-5-523-ty-bao-thue-phi\/","title":{"rendered":"Elysian &#8211; Gi\u1ecf h\u00e0ng \u0111\u1ed9c quy\u1ec1n c\u0103n h\u1ed9 Studio: 2.686 t\u1ef7 &#8211; 1PN: 3.350 t\u1ef7 &#8211; 2PN: 5.523 t\u1ef7 bao thu\u1ebf ph\u00ed t\u1eb7ng lambogini aventador"},"content":{"rendered":"<p><img fetchpriority=\"high\" decoding=\"async\" class=\"\" src=\"https:\/\/cdn.chotot.com\/GpoF0AynpeXvp3-jlGOADE0tBY2IUGgATTAlj0P2bXY\/preset:view\/plain\/0a59ac1103848a12edcf6b17800066d2-2953654365350778661.jpg\" alt=\"\ud83d\udd34 B\u00e1n nh\u00e0 4x20, 3.5 t\u1ea5m, m\u1eb7t ti\u1ec1n M\u1ec5 C\u1ed1c P15 Q8. Mua b\u00e1n Nh\u00e0 \u1edf t\u1ea1i Qu\u1eadn 8 Tp H\u1ed3 Ch\u00ed Minh \u0111\u01b0\u1ee3c \u0111\u0103ng b\u1edfi Nguy\u1ec5n Ty T\u00e2m \u0110i\u1ec1n h\u00ecnh 3\" width=\"363\" height=\"484\" data-nimg=\"fill\" \/><\/p>\n<header class=\"css-dxyhk8 e1f1sunr9\">\n<section data-lazy-id=\"P0-11\" data-hydrated=\"1\">\n<div class=\"css-sio7yj ejvijei0\">\n<div class=\"css-lb8u6l e1f1sunr2\">\n<div class=\"no-print css-y5poeo e1f1sunr11\" data-theme-key=\"header-action-block\">\n<div class=\"css-18jz25a e1f1sunr10\"><button class=\"contentSaveButton css-1kbc2ur e12nq69g1\" data-theme-key=\"button-primary\" data-vars-ga-name=\"recipe-save-button\" data-vars-ga-recipe-button-state=\"recipe_save\"><img decoding=\"async\" class=\"css-1exgad7 eah8dyz2\" src=\"https:\/\/www.caranddriver.com\/_assets\/design-tokens\/fre\/static\/icons\/saved.ad81f1a.svg?primary=%2523ffffff\" alt=\"bookmarks\" width=\"24\" height=\"24\" data-dynamic-svg=\"true\" data-testid=\"dynamic-svg-base\" data-theme-key=\"save-button-icon\" \/><span data-theme-key=\"save-button-label\">Save Article<\/span><\/button><\/div>\n<\/div>\n<\/div>\n<\/div>\n<\/section>\n<\/header>\n<div class=\"css-1ocgx7a e15alsua1\">\n<div class=\"standard-container content-container article-container css-15cbc93 e1g0z8wj0\">\n<div class=\"content-lead css-1v6ab10 et2g3wt6\">\n<div class=\"content-lead-image css-sm2oir e17huqc62\" data-theme-key=\"lead-image-wrapper\" data-journey-blur=\"true\">\n<div class=\"css-96439d e17huqc61\"><a href=\"https:\/\/www.caranddriver.com\/photos\/g15286257\/2016-lamborghini-aventador-lp750-4-superveloce-test-review-gallery\"><picture class=\"css-1oxikel e1i0vlu30\"><source srcset=\"https:\/\/hips.hearstapps.com\/hmg-prod\/amv-prod-cad-assets\/images\/16q2\/667349\/2016-lamborghini-aventador-lp750-4-superveloce-test-review-car-and-driver-photo-667354-s-original.jpg\" media=\"(min-width: 100rem)\" \/><source srcset=\"https:\/\/hips.hearstapps.com\/hmg-prod\/amv-prod-cad-assets\/images\/16q2\/667349\/2016-lamborghini-aventador-lp750-4-superveloce-test-review-car-and-driver-photo-667354-s-original.jpg?resize=1800:*\" media=\"(min-width: 90rem)\" \/><source srcset=\"https:\/\/hips.hearstapps.com\/hmg-prod\/amv-prod-cad-assets\/images\/16q2\/667349\/2016-lamborghini-aventador-lp750-4-superveloce-test-review-car-and-driver-photo-667354-s-original.jpg?resize=1400:*\" media=\"(min-width: 75rem)\" \/><source srcset=\"https:\/\/hips.hearstapps.com\/hmg-prod\/amv-prod-cad-assets\/images\/16q2\/667349\/2016-lamborghini-aventador-lp750-4-superveloce-test-review-car-and-driver-photo-667354-s-original.jpg?resize=1200:*\" media=\"(min-width: 73.75rem)\" \/><source srcset=\"https:\/\/hips.hearstapps.com\/hmg-prod\/amv-prod-cad-assets\/images\/16q2\/667349\/2016-lamborghini-aventador-lp750-4-superveloce-test-review-car-and-driver-photo-667354-s-original.jpg?resize=1024:*\" media=\"(min-width: 64rem)\" \/><source srcset=\"https:\/\/hips.hearstapps.com\/hmg-prod\/amv-prod-cad-assets\/images\/16q2\/667349\/2016-lamborghini-aventador-lp750-4-superveloce-test-review-car-and-driver-photo-667354-s-original.jpg?resize=980:*\" media=\"(min-width: 48rem)\" \/><source srcset=\"https:\/\/hips.hearstapps.com\/hmg-prod\/amv-prod-cad-assets\/images\/16q2\/667349\/2016-lamborghini-aventador-lp750-4-superveloce-test-review-car-and-driver-photo-667354-s-original.jpg?resize=640:*\" media=\"(max-width: 48rem)\" \/><img decoding=\"async\" title=\"Mode of transport, Automotive design, Vehicle, Land vehicle, Automotive lighting, Performance car, Supercar, Car, Red, Rim, \" src=\"https:\/\/hips.hearstapps.com\/hmg-prod\/amv-prod-cad-assets\/images\/16q2\/667349\/2016-lamborghini-aventador-lp750-4-superveloce-test-review-car-and-driver-photo-667354-s-original.jpg?resize=640:*\" sizes=\"100vw\" alt=\"Mode of transport, Automotive design, Vehicle, Land vehicle, Automotive lighting, Performance car, Supercar, Car, Red, Rim, \" width=\"1280\" height=\"782\" \/><\/picture><\/a><\/div>\n<\/div>\n<\/div>\n<\/div>\n<\/div>\n","protected":false},"excerpt":{"rendered":"<p>n\u1edf h\u1eadu. Dt: 81m2 + K\u1ebft c\u1ea5u: Tr\u1ec7t, 3 l\u1ea7u, 5 PN, 6WC. + V\u1ecb tr\u00ed: C\u00e1ch c\u1ea7u R\u1ea1ch C\u00e1t 100m, g\u1ea7n ch\u1ee3, tr\u01b0\u1eddng L\u01b0u H\u1eefu Ph\u01b0\u1edbc, ch\u00f9a M\u1eb9 Quan \u00c2m\u2026 + L\u1ee3i th\u1ebf: M\u1eb7t ti\u1ec1n \u0111\u01b0\u1eddng \u0111\u00f4ng \u0111\u00fac, d\u1ef1 \u00e1n c\u1ea7u B\u00ecnh Ti\u00ean gi\u00e1 tr\u1ecb t\u0103ng cao. + Ph\u00e1p l\u00fd: S\u1ed5 h\u1ed3ng, ho\u00e0n c\u00f4ng + H\u01b0\u1edbng: T\u00e2y B\u1eafc + Gi\u00e1 : 6.8 T\u1ef7 (Th\u01b0\u01a1ng l\u01b0\u1ee3ng<\/p>\n<p>B\u00e1n nh\u00e0 4&#215;20,\u00a03.5 t\u1ea5m, m\u1eb7t ti\u1ec1n M\u1ec5 C\u1ed1c P15 Q8 + Di\u1ec7n t\u00edch: 4 x 20m<\/p>\n","protected":false},"featured_media":142,"comment_status":"open","ping_status":"closed","template":"","meta":[],"product_brand":[],"product_cat":[15],"product_tag":[],"class_list":{"0":"post-125","1":"product","2":"type-product","3":"status-publish","4":"has-post-thumbnail","6":"product_cat-chua-phan-loai","8":"first","9":"instock","10":"sale","11":"shipping-taxable","12":"purchasable","13":"product-type-simple"},"_links":{"self":[{"href":"https:\/\/gianghi.sgi.edu.vn\/index.php\/wp-json\/wp\/v2\/product\/125","targetHints":{"allow":["GET"]}}],"collection":[{"href":"https:\/\/gianghi.sgi.edu.vn\/index.php\/wp-json\/wp\/v2\/product"}],"about":[{"href":"https:\/\/gianghi.sgi.edu.vn\/index.php\/wp-json\/wp\/v2\/types\/product"}],"replies":[{"embeddable":true,"href":"https:\/\/gianghi.sgi.edu.vn\/index.php\/wp-json\/wp\/v2\/comments?post=125"}],"wp:featuredmedia":[{"embeddable":true,"href":"https:\/\/gianghi.sgi.edu.vn\/index.php\/wp-json\/wp\/v2\/media\/142"}],"wp:attachment":[{"href":"https:\/\/gianghi.sgi.edu.vn\/index.php\/wp-json\/wp\/v2\/media?parent=125"}],"wp:term":[{"taxonomy":"product_brand","embeddable":true,"href":"https:\/\/gianghi.sgi.edu.vn\/index.php\/wp-json\/wp\/v2\/product_brand?post=125"},{"taxonomy":"product_cat","embeddable":true,"href":"https:\/\/gianghi.sgi.edu.vn\/index.php\/wp-json\/wp\/v2\/product_cat?post=125"},{"taxonomy":"product_tag","embeddable":true,"href":"https:\/\/gianghi.sgi.edu.vn\/index.php\/wp-json\/wp\/v2\/product_tag?post=125"}],"curies":[{"name":"wp","href":"https:\/\/api.w.org\/{rel}","templated":true}]}}