{"id":124,"date":"2025-10-15T09:24:21","date_gmt":"2025-10-15T09:24:21","guid":{"rendered":"https:\/\/gianghi.sgi.edu.vn\/?post_type=product&#038;p=124"},"modified":"2025-11-13T08:25:54","modified_gmt":"2025-11-13T08:25:54","slug":"ban-nha-4x20-3-5-tam-mat-tien-me-coc-p15-q8","status":"publish","type":"product","link":"https:\/\/gianghi.sgi.edu.vn\/index.php\/san-pham\/ban-nha-4x20-3-5-tam-mat-tien-me-coc-p15-q8\/","title":{"rendered":"B\u00e1n nh\u00e0 4&#215;20, 3.5 t\u1ea5m, m\u1eb7t ti\u1ec1n M\u1ec5 C\u1ed1c P15 Q8"},"content":{"rendered":"<p>Bc\u00f4ng<img fetchpriority=\"high\" decoding=\"async\" class=\"\" src=\"https:\/\/cdn.chotot.com\/GpoF0AynpeXvp3-jlGOADE0tBY2IUGgATTAlj0P2bXY\/preset:view\/plain\/0a59ac1103848a12edcf6b17800066d2-2953654365350778661.jpg\" alt=\"\ud83d\udd34 B\u00e1n nh\u00e0 4x20, 3.5 t\u1ea5m, m\u1eb7t ti\u1ec1n M\u1ec5 C\u1ed1c P15 Q8. Mua b\u00e1n Nh\u00e0 \u1edf t\u1ea1i Qu\u1eadn 8 Tp H\u1ed3 Ch\u00ed Minh \u0111\u01b0\u1ee3c \u0111\u0103ng b\u1edfi Nguy\u1ec5n Ty T\u00e2m \u0110i\u1ec1n h\u00ecnh 3\" width=\"611\" height=\"815\" data-nimg=\"fill\" \/><\/p>\n","protected":false},"excerpt":{"rendered":"<p>B\u00e1n nh\u00e0 4&#215;20, 3.5 t\u1ea5m, m\u1eb7t ti\u1ec1n M\u1ec5 C\u1ed1c P15 Q8 + Di\u1ec7n t\u00edch: 4 x 20m, n\u1edf h\u1eadu. Dt: 81m2 + K\u1ebft c\u1ea5u: Tr\u1ec7t, 3 l\u1ea7u, 5 PN, 6WC. + V\u1ecb tr\u00ed: C\u00e1ch c\u1ea7u R\u1ea1ch C\u00e1t 100m, g\u1ea7n ch\u1ee3, tr\u01b0\u1eddng L\u01b0u H\u1eefu Ph\u01b0\u1edbc, ch\u00f9a M\u1eb9 Quan \u00c2m\u2026 + L\u1ee3i th\u1ebf: M\u1eb7t ti\u1ec1n \u0111\u01b0\u1eddng \u0111\u00f4ng \u0111\u00fac, d\u1ef1 \u00e1n c\u1ea7u B\u00ecnh Ti\u00ean gi\u00e1 tr\u1ecb t\u0103ng cao. + Ph\u00e1p l\u00fd: S\u1ed5 h\u1ed3ng, ho\u00e0n c\u00f4ng<\/p>\n","protected":false},"featured_media":151,"comment_status":"open","ping_status":"closed","template":"","meta":[],"product_brand":[],"product_cat":[15],"product_tag":[],"class_list":{"0":"post-124","1":"product","2":"type-product","3":"status-publish","4":"has-post-thumbnail","6":"product_cat-chua-phan-loai","8":"first","9":"instock","10":"sale","11":"shipping-taxable","12":"purchasable","13":"product-type-simple"},"_links":{"self":[{"href":"https:\/\/gianghi.sgi.edu.vn\/index.php\/wp-json\/wp\/v2\/product\/124","targetHints":{"allow":["GET"]}}],"collection":[{"href":"https:\/\/gianghi.sgi.edu.vn\/index.php\/wp-json\/wp\/v2\/product"}],"about":[{"href":"https:\/\/gianghi.sgi.edu.vn\/index.php\/wp-json\/wp\/v2\/types\/product"}],"replies":[{"embeddable":true,"href":"https:\/\/gianghi.sgi.edu.vn\/index.php\/wp-json\/wp\/v2\/comments?post=124"}],"wp:featuredmedia":[{"embeddable":true,"href":"https:\/\/gianghi.sgi.edu.vn\/index.php\/wp-json\/wp\/v2\/media\/151"}],"wp:attachment":[{"href":"https:\/\/gianghi.sgi.edu.vn\/index.php\/wp-json\/wp\/v2\/media?parent=124"}],"wp:term":[{"taxonomy":"product_brand","embeddable":true,"href":"https:\/\/gianghi.sgi.edu.vn\/index.php\/wp-json\/wp\/v2\/product_brand?post=124"},{"taxonomy":"product_cat","embeddable":true,"href":"https:\/\/gianghi.sgi.edu.vn\/index.php\/wp-json\/wp\/v2\/product_cat?post=124"},{"taxonomy":"product_tag","embeddable":true,"href":"https:\/\/gianghi.sgi.edu.vn\/index.php\/wp-json\/wp\/v2\/product_tag?post=124"}],"curies":[{"name":"wp","href":"https:\/\/api.w.org\/{rel}","templated":true}]}}