{"id":123,"date":"2025-10-15T09:25:15","date_gmt":"2025-10-15T09:25:15","guid":{"rendered":"https:\/\/gianghi.sgi.edu.vn\/?post_type=product&#038;p=123"},"modified":"2025-11-13T08:00:55","modified_gmt":"2025-11-13T08:00:55","slug":"cu-dan-decapella-gui-ban-cac-can-2pn-2wc-thanh-toan-chi-tu-56ty-nhan-nha","status":"publish","type":"product","link":"https:\/\/gianghi.sgi.edu.vn\/index.php\/san-pham\/cu-dan-decapella-gui-ban-cac-can-2pn-2wc-thanh-toan-chi-tu-56ty-nhan-nha\/","title":{"rendered":"C\u01b0 D\u00e2n Decapella g\u1eedi b\u00e1n c\u00e1c c\u0103n 2PN + 2WC thanh to\u00e1n, ch\u1ec9 t\u1eeb 5,6t\u1ef7 nh\u1eadn nh\u00e0"},"content":{"rendered":"<p>&nbsp;<\/p>\n<p><img decoding=\"async\" src=\"https:\/\/file4.batdongsan.com.vn\/2024\/12\/16\/20241216103715-6b60_wm.jpg\" \/><\/p>\n<p>&nbsp;<\/p>\n","protected":false},"excerpt":{"rendered":"<p>Ch\u1ee7 g\u1eedi c\u1ea7n b\u00e1n c\u00e1c c\u0103n nh\u01b0 sau \u1ea1.<br \/>\n&#8211; C\u0103n g\u00f3c 2PN + 2WC h\u01b0\u1edbng \u0110N, thanh to\u00e1n ch\u1ec9 t\u1eeb 5.6t\u1ef7 nh\u1eadn nh\u00e0 \u1edf ngay.<br \/>\n&#8211; Ph\u00e1p l\u00fd \u0111\u00e3 n\u1ed9p h\u1ed3 s\u01a1 c\u1ea5p s\u1ed5 h\u1ed3ng, d\u1ef1 ki\u1ebfn qu\u00fd 4n\u00e0y nh\u1eadn s\u1ed5 h\u1ed3ng.<br \/>\n&#8211; C\u0103n h\u1ed9 De Capella Qu\u1eadn 2 c\u00f3 nhi\u1ec1u ti\u1ec7n \u00edch n\u1ed9i khu cao c\u1ea5p. N\u1ed5i b\u1eadt nh\u01b0:<br \/>\n&#8211; H\u1ed3 b\u01a1i tr\u00e0n b\u1edd h\u00ecnh hoa mai.<br \/>\n&#8211; Tr\u01b0\u1eddng h\u1ecdc qu\u1ed1c t\u1ebf PathWay school, khu th\u1ec3 thao, spa&#8230;<br \/>\n&#8211; Si\u00eau th\u1ecb mini, khu vui ch\u01a1i tr\u1ebb em xanh, khu c\u00f4ng vi\u00ean c\u1ea3nh quan, khu sinh ho\u1ea1t c\u1ed9ng \u0111\u1ed3ng&#8230;<\/p>\n<p>&#8211; C\u00e1c kho\u1ea3n ph\u00ed d\u1ecbch v\u1ee5:<br \/>\n&#8211; Ph\u00ed qu\u1ea3n l\u00fd c\u0103n h\u1ed9: 15.000\u0111\/m\u00b2.<br \/>\n&#8211; Ph\u00ed g\u1eedi xe m\u00e1y: 110.000\u0111.<br \/>\n&#8211; Ph\u00ed g\u1eedi \u00f4 t\u00f4: 1.100.000<\/p>\n","protected":false},"featured_media":148,"comment_status":"open","ping_status":"closed","template":"","meta":[],"product_brand":[],"product_cat":[15],"product_tag":[],"class_list":{"0":"post-123","1":"product","2":"type-product","3":"status-publish","4":"has-post-thumbnail","6":"product_cat-chua-phan-loai","8":"first","9":"instock","10":"sale","11":"shipping-taxable","12":"purchasable","13":"product-type-simple"},"_links":{"self":[{"href":"https:\/\/gianghi.sgi.edu.vn\/index.php\/wp-json\/wp\/v2\/product\/123","targetHints":{"allow":["GET"]}}],"collection":[{"href":"https:\/\/gianghi.sgi.edu.vn\/index.php\/wp-json\/wp\/v2\/product"}],"about":[{"href":"https:\/\/gianghi.sgi.edu.vn\/index.php\/wp-json\/wp\/v2\/types\/product"}],"replies":[{"embeddable":true,"href":"https:\/\/gianghi.sgi.edu.vn\/index.php\/wp-json\/wp\/v2\/comments?post=123"}],"wp:featuredmedia":[{"embeddable":true,"href":"https:\/\/gianghi.sgi.edu.vn\/index.php\/wp-json\/wp\/v2\/media\/148"}],"wp:attachment":[{"href":"https:\/\/gianghi.sgi.edu.vn\/index.php\/wp-json\/wp\/v2\/media?parent=123"}],"wp:term":[{"taxonomy":"product_brand","embeddable":true,"href":"https:\/\/gianghi.sgi.edu.vn\/index.php\/wp-json\/wp\/v2\/product_brand?post=123"},{"taxonomy":"product_cat","embeddable":true,"href":"https:\/\/gianghi.sgi.edu.vn\/index.php\/wp-json\/wp\/v2\/product_cat?post=123"},{"taxonomy":"product_tag","embeddable":true,"href":"https:\/\/gianghi.sgi.edu.vn\/index.php\/wp-json\/wp\/v2\/product_tag?post=123"}],"curies":[{"name":"wp","href":"https:\/\/api.w.org\/{rel}","templated":true}]}}