{"id":116,"date":"2025-10-15T09:18:56","date_gmt":"2025-10-15T09:18:56","guid":{"rendered":"https:\/\/gianghi.sgi.edu.vn\/?post_type=product&#038;p=116"},"modified":"2025-11-13T08:45:34","modified_gmt":"2025-11-13T08:45:34","slug":"chu-di-nuoc-ngoai-can-ban-gap-nha-hem-xe-hoi-duong-20-phuong-thanh-my-loi-quan-2-59m2-3ty150","status":"publish","type":"product","link":"https:\/\/gianghi.sgi.edu.vn\/index.php\/san-pham\/chu-di-nuoc-ngoai-can-ban-gap-nha-hem-xe-hoi-duong-20-phuong-thanh-my-loi-quan-2-59m2-3ty150\/","title":{"rendered":"Ch\u1ee7 \u0111i n\u01b0\u1edbc ngo\u00e0i c\u1ea7n b\u00e1n g\u1ea5p nh\u00e0 h\u1ebbm xe h\u01a1i \u0110\u01b0\u1eddng 20, Ph\u01b0\u1eddng Th\u1ea1nh M\u1ef9 L\u1ee3i, Qu\u1eadn 2 59m2\/3t\u1ef7150"},"content":{"rendered":"<ul class=\"swiper-wrapper\">\n<li class=\"swiper-slide js__media-item-container vertical swiper-slide-active\" data-filter=\"image\" data-index=\"1\">\n<div class=\"re__overlay js__overlay\"><img decoding=\"async\" class=\"pr-img\" title=\"Ch\u1ee7 \u0111i n\u01b0\u1edbc ngo\u00e0i c\u1ea7n b\u00e1n g\u1ea5p nh\u00e0 h\u1ebbm xe h\u01a1i \u0110\u01b0\u1eddng 20, Ph\u01b0\u1eddng Th\u1ea1nh M\u1ef9 L\u1ee3i, Qu\u1eadn 2 59m2\/3t\u1ef7150 - \u1ea2nh 0\" src=\"https:\/\/file4.batdongsan.com.vn\/resize\/1275x717\/2025\/10\/10\/20251010160243-f586_wm.jpg\" alt=\"Ch\u1ee7 \u0111i n\u01b0\u1edbc ngo\u00e0i c\u1ea7n b\u00e1n g\u1ea5p nh\u00e0 h\u1ebbm xe h\u01a1i \u0110\u01b0\u1eddng 20, Ph\u01b0\u1eddng Th\u1ea1nh M\u1ef9 L\u1ee3i, Qu\u1eadn 2 59m2\/3t\u1ef7150 - \u1ea2nh 0\" \/><\/div>\n<div class=\"re__pr-image-cover js__pr-image-cover\" title=\"\"><\/div>\n<\/li>\n<li class=\"swiper-slide js__media-item-container swiper-slide-next\" data-filter=\"image\" data-index=\"2\">\n<div class=\"re__overlay js__overlay\"><img decoding=\"async\" class=\"pr-img lazyloaded\" title=\"Ch\u1ee7 \u0111i n\u01b0\u1edbc ngo\u00e0i c\u1ea7n b\u00e1n g\u1ea5p nh\u00e0 h\u1ebbm xe h\u01a1i \u0110\u01b0\u1eddng 20, Ph\u01b0\u1eddng Th\u1ea1nh M\u1ef9 L\u1ee3i, Qu\u1eadn 2 59m2\/3t\u1ef7150 - \u1ea2nh 1\" src=\"https:\/\/file4.batdongsan.com.vn\/resize\/1275x717\/2025\/10\/10\/20251010160243-1ac8_wm.jpg\" alt=\"Ch\u1ee7 \u0111i n\u01b0\u1edbc ngo\u00e0i c\u1ea7n b\u00e1n g\u1ea5p nh\u00e0 h\u1ebbm xe h\u01a1i \u0110\u01b0\u1eddng 20, Ph\u01b0\u1eddng Th\u1ea1nh M\u1ef9 L\u1ee3i, Qu\u1eadn 2 59m2\/3t\u1ef7150 - \u1ea2nh 1\" data-src=\"https:\/\/file4.batdongsan.com.vn\/resize\/1275x717\/2025\/10\/10\/20251010160243-1ac8_wm.jpg\" \/><\/div>\n<div class=\"re__pr-image-cover js__pr-image-cover lazyloaded\" title=\"\" data-bg=\"https:\/\/file4.batdongsan.com.vn\/resize\/1275x717\/2025\/10\/10\/20251010160243-1ac8_wm.jpg\"><\/div>\n<\/li>\n<li class=\"swiper-slide js__media-item-container\" data-filter=\"image\" data-index=\"3\">\n<div class=\"re__overlay js__overlay\"><img decoding=\"async\" class=\"pr-img lazyloaded\" title=\"Ch\u1ee7 \u0111i n\u01b0\u1edbc ngo\u00e0i c\u1ea7n b\u00e1n g\u1ea5p nh\u00e0 h\u1ebbm xe h\u01a1i \u0110\u01b0\u1eddng 20, Ph\u01b0\u1eddng Th\u1ea1nh M\u1ef9 L\u1ee3i, Qu\u1eadn 2 59m2\/3t\u1ef7150 - \u1ea2nh 2\" src=\"https:\/\/file4.batdongsan.com.vn\/resize\/1275x717\/2025\/10\/10\/20251010160243-d48b_wm.jpg\" alt=\"Ch\u1ee7 \u0111i n\u01b0\u1edbc ngo\u00e0i c\u1ea7n b\u00e1n g\u1ea5p nh\u00e0 h\u1ebbm xe h\u01a1i \u0110\u01b0\u1eddng 20, Ph\u01b0\u1eddng Th\u1ea1nh M\u1ef9 L\u1ee3i, Qu\u1eadn 2 59m2\/3t\u1ef7150 - \u1ea2nh 2\" data-src=\"https:\/\/file4.batdongsan.com.vn\/resize\/1275x717\/2025\/10\/10\/20251010160243-d48b_wm.jpg\" \/><\/div>\n<div class=\"re__pr-image-cover js__pr-image-cover lazyloaded\" title=\"\" data-bg=\"https:\/\/file4.batdongsan.com.vn\/resize\/1275x717\/2025\/10\/10\/20251010160243-d48b_wm.jpg\"><\/div>\n<\/li>\n<li class=\"swiper-slide js__media-item-container\" data-filter=\"image\" data-index=\"4\">\n<div class=\"re__overlay js__overlay\"><img decoding=\"async\" class=\"pr-img lazyloaded\" title=\"Ch\u1ee7 \u0111i n\u01b0\u1edbc ngo\u00e0i c\u1ea7n b\u00e1n g\u1ea5p nh\u00e0 h\u1ebbm xe h\u01a1i \u0110\u01b0\u1eddng 20, Ph\u01b0\u1eddng Th\u1ea1nh M\u1ef9 L\u1ee3i, Qu\u1eadn 2 59m2\/3t\u1ef7150 - \u1ea2nh 3\" src=\"https:\/\/file4.batdongsan.com.vn\/resize\/1275x717\/2025\/10\/10\/20251010160243-f5fc_wm.jpg\" alt=\"Ch\u1ee7 \u0111i n\u01b0\u1edbc ngo\u00e0i c\u1ea7n b\u00e1n g\u1ea5p nh\u00e0 h\u1ebbm xe h\u01a1i \u0110\u01b0\u1eddng 20, Ph\u01b0\u1eddng Th\u1ea1nh M\u1ef9 L\u1ee3i, Qu\u1eadn 2 59m2\/3t\u1ef7150 - \u1ea2nh 3\" data-src=\"https:\/\/file4.batdongsan.com.vn\/resize\/1275x717\/2025\/10\/10\/20251010160243-f5fc_wm.jpg\" \/><\/div>\n<div class=\"re__pr-image-cover js__pr-image-cover lazyload\" title=\"\" data-bg=\"https:\/\/file4.batdongsan.com.vn\/resize\/1275x717\/2025\/10\/10\/20251010160243-f5fc_wm.jpg\"><\/div>\n<\/li>\n<li class=\"swiper-slide js__media-item-container\" data-filter=\"image\" data-index=\"5\">\n<div class=\"re__overlay js__overlay\"><img decoding=\"async\" class=\"pr-img lazyloaded\" title=\"Ch\u1ee7 \u0111i n\u01b0\u1edbc ngo\u00e0i c\u1ea7n b\u00e1n g\u1ea5p nh\u00e0 h\u1ebbm xe h\u01a1i \u0110\u01b0\u1eddng 20, Ph\u01b0\u1eddng Th\u1ea1nh M\u1ef9 L\u1ee3i, Qu\u1eadn 2 59m2\/3t\u1ef7150 - \u1ea2nh 4\" src=\"https:\/\/file4.batdongsan.com.vn\/resize\/1275x717\/2025\/10\/10\/20251010160243-d538_wm.jpg\" alt=\"Ch\u1ee7 \u0111i n\u01b0\u1edbc ngo\u00e0i c\u1ea7n b\u00e1n g\u1ea5p nh\u00e0 h\u1ebbm xe h\u01a1i \u0110\u01b0\u1eddng 20, Ph\u01b0\u1eddng Th\u1ea1nh M\u1ef9 L\u1ee3i, Qu\u1eadn 2 59m2\/3t\u1ef7150 - \u1ea2nh 4\" data-src=\"https:\/\/file4.batdongsan.com.vn\/resize\/1275x717\/2025\/10\/10\/20251010160243-d538_wm.jpg\" \/><\/div>\n<div class=\"re__pr-image-cover js__pr-image-cover lazyload\" title=\"\" data-bg=\"https:\/\/file4.batdongsan.com.vn\/resize\/1275x717\/2025\/10\/10\/20251010160243-d538_wm.jpg\"><\/div>\n<\/li>\n<li class=\"swiper-slide js__media-item-container\" data-filter=\"image\" data-index=\"6\">\n<div class=\"re__overlay js__overlay\"><img decoding=\"async\" class=\"pr-img lazyloaded\" title=\"Ch\u1ee7 \u0111i n\u01b0\u1edbc ngo\u00e0i c\u1ea7n b\u00e1n g\u1ea5p nh\u00e0 h\u1ebbm xe h\u01a1i \u0110\u01b0\u1eddng 20, Ph\u01b0\u1eddng Th\u1ea1nh M\u1ef9 L\u1ee3i, Qu\u1eadn 2 59m2\/3t\u1ef7150 - \u1ea2nh 5\" src=\"https:\/\/file4.batdongsan.com.vn\/resize\/1275x717\/2025\/10\/10\/20251010160243-6ef5_wm.jpg\" alt=\"Ch\u1ee7 \u0111i n\u01b0\u1edbc ngo\u00e0i c\u1ea7n b\u00e1n g\u1ea5p nh\u00e0 h\u1ebbm xe h\u01a1i \u0110\u01b0\u1eddng 20, Ph\u01b0\u1eddng Th\u1ea1nh M\u1ef9 L\u1ee3i, Qu\u1eadn 2 59m2\/3t\u1ef7150 - \u1ea2nh 5\" data-src=\"https:\/\/file4.batdongsan.com.vn\/resize\/1275x717\/2025\/10\/10\/20251010160243-6ef5_wm.jpg\" \/><\/div>\n<div class=\"re__pr-image-cover js__pr-image-cover lazyload\" title=\"\" data-bg=\"https:\/\/file4.batdongsan.com.vn\/resize\/1275x717\/2025\/10\/10\/20251010160243-6ef5_wm.jpg\"><\/div>\n<\/li>\n<li class=\"swiper-slide js__media-item-container\" data-filter=\"image\" data-index=\"7\">\n<div class=\"re__overlay js__overlay\"><img decoding=\"async\" class=\"pr-img lazyloaded\" title=\"Ch\u1ee7 \u0111i n\u01b0\u1edbc ngo\u00e0i c\u1ea7n b\u00e1n g\u1ea5p nh\u00e0 h\u1ebbm xe h\u01a1i \u0110\u01b0\u1eddng 20, Ph\u01b0\u1eddng Th\u1ea1nh M\u1ef9 L\u1ee3i, Qu\u1eadn 2 59m2\/3t\u1ef7150 - \u1ea2nh 6\" src=\"https:\/\/file4.batdongsan.com.vn\/resize\/1275x717\/2025\/10\/10\/20251010160243-ef65_wm.jpg\" alt=\"Ch\u1ee7 \u0111i n\u01b0\u1edbc ngo\u00e0i c\u1ea7n b\u00e1n g\u1ea5p nh\u00e0 h\u1ebbm xe h\u01a1i \u0110\u01b0\u1eddng 20, Ph\u01b0\u1eddng Th\u1ea1nh M\u1ef9 L\u1ee3i, Qu\u1eadn 2 59m2\/3t\u1ef7150 - \u1ea2nh 6\" data-src=\"https:\/\/file4.batdongsan.com.vn\/resize\/1275x717\/2025\/10\/10\/20251010160243-ef65_wm.jpg\" \/><\/div>\n<div class=\"re__pr-image-cover js__pr-image-cover lazyload\" title=\"\" data-bg=\"https:\/\/file4.batdongsan.com.vn\/resize\/1275x717\/2025\/10\/10\/20251010160243-ef65_wm.jpg\"><\/div>\n<\/li>\n<\/ul>\n<div tabindex=\"0\" role=\"button\" aria-label=\"Next slide\" aria-disabled=\"false\">\n<p>&nbsp;<\/p>\n<\/div>\n","protected":false},"excerpt":{"rendered":"<p>Ch\u1ee7 \u0111i n\u01b0\u1edbc ngo\u00e0i c\u1ea7n b\u00e1n g\u1ea5p nh\u00e0 h\u1ebbm xe h\u01a1i \u0110\u01b0\u1eddng 20, Ph\u01b0\u1eddng Th\u1ea1nh M\u1ef9 L\u1ee3i, Qu\u1eadn 2<\/p>\n<p>V\u1ecb tr\u00ed \u0111\u1eafc \u0111\u1ecba khu trung t\u00e2m h\u00e0nh ch\u00ednh Qu\u1eadn 2<br \/>\nN\u1eb1m ngay \u0110\u01b0\u1eddng 20, Ph\u01b0\u1eddng Th\u1ea1nh M\u1ef9 L\u1ee3i, khu v\u1ef1c quy ho\u1ea1ch b\u00e0i b\u1ea3n, d\u00e2n tr\u00ed cao, an ninh y\u00ean t\u0129nh.<br \/>\nG\u1ea7n c\u00e1c tuy\u1ebfn \u0111\u01b0\u1eddng huy\u1ebft m\u1ea1ch nh\u01b0 Nguy\u1ec5n Th\u1ecb \u0110\u1ecbnh, \u0110\u1ed3ng V\u0103n C\u1ed1ng, Mai Ch\u00ed Th\u1ecd, di chuy\u1ec3n nhanh sang Th\u1ee7 Thi\u00eam, Qu\u1eadn 1, Qu\u1eadn 7.<br \/>\nBao quanh l\u00e0 c\u00e1c c\u1ee5m ti\u1ec7n \u00edch l\u1edbn: UBND Qu\u1eadn 2, Tr\u01b0\u1eddng Qu\u1ed1c t\u1ebf AIS, b\u1ec7nh vi\u1ec7n Qu\u1eadn 2, Vincom Mega Mall Th\u1ea3o \u0110i\u1ec1n, K\u0110T Sala \u0110\u1ea1i Quang Minh.<\/p>\n<p>Di\u1ec7n t\u00edch: 59m\u00b2 (5 11,8m)<br \/>\nK\u1ebft c\u1ea5u: 1 tr\u1ec7t 2 l\u1ea7u, g\u1ed3m 3 ph\u00f2ng ng\u1ee7 4 WC<br \/>\nNh\u00e0 c\u00f2n m\u1edbi, thi\u1ebft k\u1ebf hi\u1ec7n \u0111\u1ea1i, ban c\u00f4ng tho\u00e1ng m\u00e1t th\u00edch h\u1ee3p \u1edf ngay ho\u1eb7c cho thu\u00ea.<\/p>\n<p>Hi\u1ec7n \u0111ang cho thu\u00ea 23 tri\u1ec7u\/th\u00e1ng, d\u00f2ng ti\u1ec1n \u1ed5n \u0111\u1ecbnh mua l\u00e0 c\u00f3 l\u1ee3i nhu\u1eadn li\u1ec1n tay.<br \/>\nPh\u00e1p l\u00fd \u0111\u1ea7y \u0111\u1ee7 s\u1ed5 h\u1ed3ng ri\u00eang, sang t\u00ean nhanh g\u1ecdn.<\/p>\n<p>Gi\u00e1 b\u00e1n ch\u1ec9 3 t\u1ef7 150 ch\u1ee7 nh\u00e0 \u0111i n\u01b0\u1edbc ngo\u00e0i c\u1ea7n b\u00e1n g\u1ea5p, th\u01b0\u01a1ng l\u01b0\u1ee3ng cho kh\u00e1ch thi\u1ec7n ch\u00ed<\/p>\n","protected":false},"featured_media":157,"comment_status":"open","ping_status":"closed","template":"","meta":[],"product_brand":[],"product_cat":[15],"product_tag":[],"class_list":{"0":"post-116","1":"product","2":"type-product","3":"status-publish","4":"has-post-thumbnail","6":"product_cat-chua-phan-loai","8":"first","9":"instock","10":"sale","11":"shipping-taxable","12":"purchasable","13":"product-type-simple"},"_links":{"self":[{"href":"https:\/\/gianghi.sgi.edu.vn\/index.php\/wp-json\/wp\/v2\/product\/116","targetHints":{"allow":["GET"]}}],"collection":[{"href":"https:\/\/gianghi.sgi.edu.vn\/index.php\/wp-json\/wp\/v2\/product"}],"about":[{"href":"https:\/\/gianghi.sgi.edu.vn\/index.php\/wp-json\/wp\/v2\/types\/product"}],"replies":[{"embeddable":true,"href":"https:\/\/gianghi.sgi.edu.vn\/index.php\/wp-json\/wp\/v2\/comments?post=116"}],"wp:featuredmedia":[{"embeddable":true,"href":"https:\/\/gianghi.sgi.edu.vn\/index.php\/wp-json\/wp\/v2\/media\/157"}],"wp:attachment":[{"href":"https:\/\/gianghi.sgi.edu.vn\/index.php\/wp-json\/wp\/v2\/media?parent=116"}],"wp:term":[{"taxonomy":"product_brand","embeddable":true,"href":"https:\/\/gianghi.sgi.edu.vn\/index.php\/wp-json\/wp\/v2\/product_brand?post=116"},{"taxonomy":"product_cat","embeddable":true,"href":"https:\/\/gianghi.sgi.edu.vn\/index.php\/wp-json\/wp\/v2\/product_cat?post=116"},{"taxonomy":"product_tag","embeddable":true,"href":"https:\/\/gianghi.sgi.edu.vn\/index.php\/wp-json\/wp\/v2\/product_tag?post=116"}],"curies":[{"name":"wp","href":"https:\/\/api.w.org\/{rel}","templated":true}]}}