{"id":114,"date":"2025-10-15T09:17:39","date_gmt":"2025-10-15T09:17:39","guid":{"rendered":"https:\/\/gianghi.sgi.edu.vn\/?post_type=product&#038;p=114"},"modified":"2025-11-13T08:47:46","modified_gmt":"2025-11-13T08:47:46","slug":"chinh-chu-ban-nha-rieng-duong-thanh-my-loi-quan-2-so-hong-rieng-gia-chi-4-2-ty-tl","status":"publish","type":"product","link":"https:\/\/gianghi.sgi.edu.vn\/index.php\/san-pham\/chinh-chu-ban-nha-rieng-duong-thanh-my-loi-quan-2-so-hong-rieng-gia-chi-4-2-ty-tl\/","title":{"rendered":"Ch\u00ednh ch\u1ee7 b\u00e1n nh\u00e0 ri\u00eang \u0111\u01b0\u1eddng Th\u1ea1nh M\u1ef9 L\u1ee3i, Qu\u1eadn 2 S\u1ed5 h\u1ed3ng ri\u00eang, gi\u00e1 ch\u1ec9 4.2 t\u1ef7 (TL)"},"content":{"rendered":"<ul class=\"swiper-wrapper\">\n<li class=\"swiper-slide js__media-item-container swiper-slide-active\" data-filter=\"image\" data-index=\"1\">\n<div class=\"re__overlay js__overlay\"><img decoding=\"async\" class=\"pr-img\" title=\"Ch\u00ednh ch\u1ee7 b\u00e1n nh\u00e0 ri\u00eang \u0111\u01b0\u1eddng Th\u1ea1nh M\u1ef9 L\u1ee3i, Qu\u1eadn 2 S\u1ed5 h\u1ed3ng ri\u00eang, gi\u00e1 ch\u1ec9 4.2 t\u1ef7 (TL) - \u1ea2nh 0\" src=\"https:\/\/file4.batdongsan.com.vn\/resize\/1275x717\/2025\/02\/26\/20250226205623-afb0_wm.jpg\" alt=\"Ch\u00ednh ch\u1ee7 b\u00e1n nh\u00e0 ri\u00eang \u0111\u01b0\u1eddng Th\u1ea1nh M\u1ef9 L\u1ee3i, Qu\u1eadn 2 S\u1ed5 h\u1ed3ng ri\u00eang, gi\u00e1 ch\u1ec9 4.2 t\u1ef7 (TL) - \u1ea2nh 0\" \/><\/div>\n<\/li>\n<\/ul>\n","protected":false},"excerpt":{"rendered":"<p>C\u1ea7n b\u00e1n g\u1ea5p c\u0103n nh\u00e0 ch\u00ednh ch\u1ee7 t\u1ea1i \u0111\u01b0\u1eddng 20 Nguy\u1ec5n Th\u1ecb \u0110\u1ecbnh, ph\u01b0\u1eddng Th\u1ea1nh M\u1ef9 L\u1ee3i, Qu\u1eadn 2, TP. HCM. Nh\u00e0 n\u1eb1m trong khu d\u00e2n c\u01b0 l\u00e2u n\u0103m, y\u00ean t\u0129nh, kh\u00f4ng gian s\u1ed1ng trong l\u00e0nh, th\u00edch h\u1ee3p an c\u01b0 l\u00e2u d\u00e0i ho\u1eb7c \u0111\u1ea7u t\u01b0 cho thu\u00ea sinh l\u1eddi. Ph\u00e1p l\u00fd \u0111\u1ea7y \u0111\u1ee7, c\u00f4ng ch\u1ee9ng sang t\u00ean nhanh ch\u00f3ng.<br \/>\nDi\u1ec7n t\u00edch: 71,5m\u00b2, ngang 5m, vu\u00f4ng v\u1eafn. Di\u1ec7n t\u00edch s\u1eed d\u1ee5ng h\u1ee3p l\u00fd.<br \/>\nK\u1ebft c\u1ea5u:<br \/>\nT\u1ea7ng tr\u1ec7t c\u00f3 1 ph\u00f2ng ng\u1ee7 ti\u1ec7n l\u1ee3i cho ng\u01b0\u1eddi l\u1edbn tu\u1ed5i.<br \/>\nC\u00e1c ph\u00f2ng c\u00f2n l\u1ea1i l\u00e1t s\u00e0n g\u1ed7 cao c\u1ea5p, s\u1ea1ch s\u1ebd, \u1ea5m c\u00fang.<br \/>\nThi\u1ebft k\u1ebf th\u00f4ng tho\u00e1ng, \u0111\u00f3n \u00e1nh s\u00e1ng t\u1ef1 nhi\u00ean, \u0111\u1ea7y \u0111\u1ee7 c\u00f4ng n\u0103ng cho gia \u0111\u00ecnh.<br \/>\nPh\u00e1p l\u00fd: S\u1ed5 h\u1ed3ng ri\u00eang, ch\u00ednh ch\u1ee7 \u0111\u1ee9ng t\u00ean sang t\u00ean ngay trong ng\u00e0y.<br \/>\nGi\u00e1 b\u00e1n: 4,2 t\u1ef7 (c\u00f3 th\u01b0\u01a1ng l\u01b0\u1ee3ng tr\u1ef1c ti\u1ebfp v\u1edbi ch\u00ednh ch\u1ee7).<br \/>\n\u01afu \u0111\u00e3i \u0111\u1eb7c bi\u1ec7t:<br \/>\nGi\u1ea3m ngay 100 tri\u1ec7u cho kh\u00e1ch ch\u1ed1t nhanh v\u00e0 thi\u1ec7n ch\u00ed!<\/p>\n","protected":false},"featured_media":160,"comment_status":"open","ping_status":"closed","template":"","meta":[],"product_brand":[],"product_cat":[15],"product_tag":[],"class_list":{"0":"post-114","1":"product","2":"type-product","3":"status-publish","4":"has-post-thumbnail","6":"product_cat-chua-phan-loai","8":"first","9":"instock","10":"sale","11":"shipping-taxable","12":"purchasable","13":"product-type-simple"},"_links":{"self":[{"href":"https:\/\/gianghi.sgi.edu.vn\/index.php\/wp-json\/wp\/v2\/product\/114","targetHints":{"allow":["GET"]}}],"collection":[{"href":"https:\/\/gianghi.sgi.edu.vn\/index.php\/wp-json\/wp\/v2\/product"}],"about":[{"href":"https:\/\/gianghi.sgi.edu.vn\/index.php\/wp-json\/wp\/v2\/types\/product"}],"replies":[{"embeddable":true,"href":"https:\/\/gianghi.sgi.edu.vn\/index.php\/wp-json\/wp\/v2\/comments?post=114"}],"wp:featuredmedia":[{"embeddable":true,"href":"https:\/\/gianghi.sgi.edu.vn\/index.php\/wp-json\/wp\/v2\/media\/160"}],"wp:attachment":[{"href":"https:\/\/gianghi.sgi.edu.vn\/index.php\/wp-json\/wp\/v2\/media?parent=114"}],"wp:term":[{"taxonomy":"product_brand","embeddable":true,"href":"https:\/\/gianghi.sgi.edu.vn\/index.php\/wp-json\/wp\/v2\/product_brand?post=114"},{"taxonomy":"product_cat","embeddable":true,"href":"https:\/\/gianghi.sgi.edu.vn\/index.php\/wp-json\/wp\/v2\/product_cat?post=114"},{"taxonomy":"product_tag","embeddable":true,"href":"https:\/\/gianghi.sgi.edu.vn\/index.php\/wp-json\/wp\/v2\/product_tag?post=114"}],"curies":[{"name":"wp","href":"https:\/\/api.w.org\/{rel}","templated":true}]}}