{"id":112,"date":"2025-10-15T09:16:58","date_gmt":"2025-10-15T09:16:58","guid":{"rendered":"https:\/\/gianghi.sgi.edu.vn\/?post_type=product&#038;p=112"},"modified":"2025-11-13T08:38:29","modified_gmt":"2025-11-13T08:38:29","slug":"ban-cc-mini-2pn-1wc-tai-an-phu-tay-binh-chanh-335-ty-40m2-hang-hiem-tai-hot","status":"publish","type":"product","link":"https:\/\/gianghi.sgi.edu.vn\/index.php\/san-pham\/ban-cc-mini-2pn-1wc-tai-an-phu-tay-binh-chanh-335-ty-40m2-hang-hiem-tai-hot\/","title":{"rendered":"B\u00e1n CC mini 2PN, 1WC t\u1ea1i An Ph\u00fa T\u00e2y, B\u00ecnh Ch\u00e1nh, 3,35 t\u1ef7, 40m2, h\u00e0ng hi\u1ebfm t\u1ea1i Hot!"},"content":{"rendered":"<p><img decoding=\"async\" src=\"https:\/\/file4.batdongsan.com.vn\/resize\/1275x717\/2025\/10\/14\/20251014111559-cd7b_wm.jpg\" alt=\"B\u00e1n CC mini 2PN, 1WC t\u1ea1i An Ph\u00fa T\u00e2y, B\u00ecnh Ch\u00e1nh, 1,35 t\u1ef7, 40m2, h\u00e0ng hi\u1ebfm t\u1ea1i Hot! - \u1ea2nh 0\" \/><\/p>\n","protected":false},"excerpt":{"rendered":"<p>Nhanh tay s\u1edf h\u1eefu c\u0103n h\u1ed9 chung c\u01b0 mini 2 ph\u00f2ng ng\u1ee7, 1 ph\u00f2ng t\u1eafm \u1edf v\u1ecb tr\u00ed \u0111\u1eafc \u0111\u1ecba t\u1ea1i An Ph\u00fa T\u00e2y, B\u00ecnh Ch\u00e1nh, TP.HCM. C\u0103n h\u1ed9 c\u00f3 di\u1ec7n t\u00edch 40m\u00b2, ph\u00f9 h\u1ee3p cho gia \u0111\u00ecnh nh\u1ecf ho\u1eb7c c\u00e1c chuy\u00ean gia \u0111ang t\u00ecm ki\u1ebfm m\u1ed9t kh\u00f4ng gian s\u1ed1ng ti\u1ec7n nghi.<\/p>\n<p>&#8211; 2 ph\u00f2ng ng\u1ee7 r\u1ed9ng ri, \u0111\u1ea7y \u0111\u1ee7 \u00e1nh s\u00e1ng t\u1ef1 nhi\u00ean.<br \/>\n&#8211; 1 ph\u00f2ng t\u1eafm hi\u1ec7n \u0111\u1ea1i, thi\u1ebft k\u1ebf th\u00f4\u00e3ng minh.<\/p>\n<p>&#8211; Khu v\u1ef1c ph\u00f2ng kh\u00e1ch tho\u00e1ng \u0111\u00e3ng, s\u1eafp x\u1ebfp h\u1ee3p l\u00fd.<br \/>\n&#8211; N\u1ed9i th\u1ea5t \u0111\u1ea7y \u0111\u1ee7, ch\u1ec9 c\u1ea7n x\u00e1ch vali v\u00e0o \u1edf ngay.<br \/>\n&#8211; Gi\u00e1 b\u00e1n: 1,35 t\u1ef7 VND.<\/p>\n<p>C\u0103n h\u1ed9 c\u00f3 ph\u00e1p l\u00fd \u0111\u1ea7y \u0111\u1ee7, \u0111\u1ea3m b\u1ea3o an to\u00e0n v\u00e0 y\u00ean t\u00e2m cho kh\u00e1ch h\u00e0ng. \u0110\u00e2y l\u00e0 c\u01a1 h\u1ed9i hi\u1ebfm c\u00f3 cho nh\u1eefng ai \u0111ang t\u00ecm ki\u1ebfm m\u1ed9t kh\u00f4ng gian s\u1ed1ng ti\u1ec7n nghi v\u00e0 hi\u1ec7n \u0111\u1ea1i.<\/p>\n<p>Ti\u1ec7n \u00edch xung quanh:<br \/>\n+ G\u1ea7n si\u00eau th\u1ecb S\u1eefa Minh \u0110\u1ee9c 2.<br \/>\n+ Si\u00eau th\u1ecb B\u00e1ch H\u00f3a Xanh.<br \/>\n+ Tr\u01b0\u1eddng m\u1ea7m non H\u1ecda Mi.<\/p>\n","protected":false},"featured_media":165,"comment_status":"open","ping_status":"closed","template":"","meta":[],"product_brand":[],"product_cat":[15],"product_tag":[],"class_list":{"0":"post-112","1":"product","2":"type-product","3":"status-publish","4":"has-post-thumbnail","6":"product_cat-chua-phan-loai","8":"first","9":"instock","10":"sale","11":"shipping-taxable","12":"purchasable","13":"product-type-simple"},"_links":{"self":[{"href":"https:\/\/gianghi.sgi.edu.vn\/index.php\/wp-json\/wp\/v2\/product\/112","targetHints":{"allow":["GET"]}}],"collection":[{"href":"https:\/\/gianghi.sgi.edu.vn\/index.php\/wp-json\/wp\/v2\/product"}],"about":[{"href":"https:\/\/gianghi.sgi.edu.vn\/index.php\/wp-json\/wp\/v2\/types\/product"}],"replies":[{"embeddable":true,"href":"https:\/\/gianghi.sgi.edu.vn\/index.php\/wp-json\/wp\/v2\/comments?post=112"}],"wp:featuredmedia":[{"embeddable":true,"href":"https:\/\/gianghi.sgi.edu.vn\/index.php\/wp-json\/wp\/v2\/media\/165"}],"wp:attachment":[{"href":"https:\/\/gianghi.sgi.edu.vn\/index.php\/wp-json\/wp\/v2\/media?parent=112"}],"wp:term":[{"taxonomy":"product_brand","embeddable":true,"href":"https:\/\/gianghi.sgi.edu.vn\/index.php\/wp-json\/wp\/v2\/product_brand?post=112"},{"taxonomy":"product_cat","embeddable":true,"href":"https:\/\/gianghi.sgi.edu.vn\/index.php\/wp-json\/wp\/v2\/product_cat?post=112"},{"taxonomy":"product_tag","embeddable":true,"href":"https:\/\/gianghi.sgi.edu.vn\/index.php\/wp-json\/wp\/v2\/product_tag?post=112"}],"curies":[{"name":"wp","href":"https:\/\/api.w.org\/{rel}","templated":true}]}}