{"id":109,"date":"2025-10-15T09:14:36","date_gmt":"2025-10-15T09:14:36","guid":{"rendered":"https:\/\/gianghi.sgi.edu.vn\/?post_type=product&#038;p=109"},"modified":"2025-11-13T08:41:37","modified_gmt":"2025-11-13T08:41:37","slug":"ha-manh-ba-con-oi-nha-hem-275-bach-dang-p15-binh-thanh-phuong-gia-dinh-hem-ba-gac-mua-nha-that-an-tam","status":"publish","type":"product","link":"https:\/\/gianghi.sgi.edu.vn\/index.php\/san-pham\/ha-manh-ba-con-oi-nha-hem-275-bach-dang-p15-binh-thanh-phuong-gia-dinh-hem-ba-gac-mua-nha-that-an-tam\/","title":{"rendered":"H\u1ea1 m\u1ea1nh, b\u00e0 con \u01a1i.!! nh\u00e0 h\u1ebbm 275 B\u1ea1ch \u0110\u1eb1ng, P15, B\u00ecnh Th\u1ea1nh (Ph\u01b0\u1eddng Gia \u0110\u1ecbnh) h\u1ebbm ba g\u00e1c, Mua nh\u00e0 th\u1eadt, an t\u00e2m"},"content":{"rendered":"<div class=\"woocommerce-tabs wc-tabs-wrapper container tabbed-content\">\n<ul class=\"tabs wc-tabs product-tabs small-nav-collapse nav nav-uppercase nav-outline nav-left\" role=\"tablist\">\n<li id=\"tab-title-reviews\" class=\"reviews_tab\" role=\"tab\" aria-controls=\"tab-reviews\"><\/li>\n<\/ul>\n<div class=\"tab-panels\">\n<div id=\"tab-description\" class=\"woocommerce-Tabs-panel woocommerce-Tabs-panel--description panel entry-content active\" role=\"tabpanel\" aria-labelledby=\"tab-title-description\">\n<div id=\"idcopynew\">\n<p><img decoding=\"async\" class=\"emoji\" role=\"img\" draggable=\"false\" src=\"https:\/\/s.w.org\/images\/core\/emoji\/14.0.0\/svg\/1f396.svg\" alt=\"\ud83c\udf96\ufe0f\" \/><img decoding=\"async\" src=\"https:\/\/khoanhadep.com\/wp-content\/uploads\/2025\/11\/IMG_5182.jpg\" \/><\/p>\n<\/div>\n<\/div>\n<\/div>\n<\/div>\n<div class=\"product-images relative mb-half has-hover woocommerce-product-gallery woocommerce-product-gallery--with-images woocommerce-product-gallery--columns-4 images\" data-columns=\"4\">\n<div class=\"badge-container is-larger absolute left top z-1\"><\/div>\n<div class=\"image-tools absolute top show-on-hover right z-3\"><\/div>\n<figure class=\"woocommerce-product-gallery__wrapper product-gallery-slider slider slider-nav-small mb-half is-draggable flickity-enabled\" tabindex=\"0\" data-flickity-options=\"{ &quot;cellAlign&quot;: &quot;center&quot;, &quot;wrapAround&quot;: true, &quot;autoPlay&quot;: false, &quot;prevNextButtons&quot;:true, &quot;adaptiveHeight&quot;: true, &quot;imagesLoaded&quot;: true, &quot;lazyLoad&quot;: 1, &quot;dragThreshold&quot; : 15, &quot;pageDots&quot;: false, &quot;rightToLeft&quot;: false }\">\n<div class=\"flickity-viewport\">\n<div class=\"flickity-slider\">\n<div class=\"woocommerce-product-gallery__image slide first is-selected\" data-thumb=\"https:\/\/nguonnha.vn\/wp-content\/uploads\/2025\/10\/z6789651843605_e3f7f40556c894048ce939d79bd3a898-1-100x100.jpg?v=1760405811\" data-thumb-alt=\"\"><\/div>\n<div class=\"woocommerce-product-gallery__image slide\" data-thumb=\"https:\/\/nguonnha.vn\/wp-content\/uploads\/2025\/10\/z6789651854044_57355e784cadfb752b3029ae3e8ba70c-1-100x100.jpg?v=1760405822\" data-thumb-alt=\"\" aria-hidden=\"true\"><\/div>\n<div class=\"woocommerce-product-gallery__image slide\" data-thumb=\"https:\/\/nguonnha.vn\/wp-content\/uploads\/2025\/10\/z6789651890770_a9d5b1493dab51d929aa281a230dc551-1-100x100.jpg?v=1760405823\" data-thumb-alt=\"\" aria-hidden=\"true\"><\/div>\n<div class=\"woocommerce-product-gallery__image slide\" data-thumb=\"https:\/\/nguonnha.vn\/wp-content\/uploads\/2025\/10\/z6789651848710_5f0bb03edcbceb6dafa590d9647ec99e-1-100x100.jpg?v=1760405824\" data-thumb-alt=\"\" aria-hidden=\"true\"><\/div>\n<div class=\"woocommerce-product-gallery__image slide\" data-thumb=\"https:\/\/nguonnha.vn\/wp-content\/uploads\/2025\/10\/z6789651850540_4906b4c13b666e9077decad65592ec83-1-100x100.jpg?v=1760405824\" data-thumb-alt=\"\" aria-hidden=\"true\"><\/div>\n<\/div>\n<\/div>\n<p>&nbsp;<\/figure>\n<div class=\"image-tools absolute bottom left z-3\"><\/div>\n<\/div>\n","protected":false},"excerpt":{"rendered":"<div id=\"tab-description\" class=\"woocommerce-Tabs-panel woocommerce-Tabs-panel--description panel entry-content active\" role=\"tabpanel\" aria-labelledby=\"tab-title-description\">\n<div id=\"idcopynew\">\n<p>\u00a015.5 t\u1ef7\ud83c\udf96\ufe0f\u00a0H\u1ea1 m\u1ea1nh, b\u00e0 con \u01a1i..<\/p>\n<p>\ud83c\udfe0B\u00e1n nh\u00e0 h\u1ebbm 275 B\u1ea1ch \u0110\u1eb1ng, P15, B\u00ecnh Th\u1ea1nh (Ph\u01b0\u1eddng Gia \u0110\u1ecbnh) h\u1ebbm ba g\u00e1c, Mua nh\u00e0 th\u1eadt, an t\u00e2m th\u1eadt, kh\u00f4ng lo r\u1ee7i ro quy ho\u1ea1ch, S\u1ed5 h\u1ed3ng ri\u00eang.<\/p>\n<p>\u26a1\ufe0f\u00a0Di\u1ec7n t\u00edch: 5x24m ~ 120.5m2 \u0111\u1ea5t<\/p>\n<p>\u26a1\ufe0f\u00a0X\u00e2y d\u1ef1ng: tr\u1ec7t, C\u1ea5p 4, di\u1ec7n t\u00edch s\u00e0n: 166.8m2<\/p>\n<p>\u26a1\ufe0f\u00a0H\u01b0\u1edbng: \u0110\u00f4ng b\u1eafc<\/p>\n<p>\u26a1\ufe0f\u00a0V\u1ecb tr\u00ed trung t\u00e2m S\u00e0i G\u00f2n, g\u1ea7n nhi\u1ec1u tuy\u1ebfn \u0111\u01b0\u1eddng l\u1edbn, thu\u1eadn ti\u1ec7n \u0111i l\u1ea1i c\u00e1c Qu\u1eadn kh\u00e1c trong trung t\u00e2m<\/p>\n<p>\ud83d\udcb0\u00a0Gi\u00e1: 15.5 t\u1ef7 c\u00f2n th\u01b0\u01a1ng l\u01b0\u1ee3ng<\/p>\n<p>\u260e\ufe0f\u00a0LH: 0932557988 (Zalo\/call) C\u1ea3nh nh\u00e0 ph\u1ed1<\/p>\n<p>\ud83d\udc49\u00a0Nh\u1eadn k\u00fd g\u1eedi B\u0110S t\u1ea1i trung t\u00e2m Tp.HCM<\/p>\n<\/div>\n<\/div>\n<div id=\"tab-reviews\" class=\"woocommerce-Tabs-panel woocommerce-Tabs-panel--reviews panel entry-content \" role=\"tabpanel\" aria-labelledby=\"tab-title-reviews\">\n<div id=\"reviews\" class=\"woocommerce-Reviews row\">\n<div id=\"comments\" class=\"col large-12\">\n<p class=\"woocommerce-noreviews\">\n<\/div>\n<\/div>\n<\/div>\n","protected":false},"featured_media":235,"comment_status":"open","ping_status":"closed","template":"","meta":[],"product_brand":[],"product_cat":[15],"product_tag":[],"class_list":{"0":"post-109","1":"product","2":"type-product","3":"status-publish","4":"has-post-thumbnail","6":"product_cat-chua-phan-loai","8":"first","9":"instock","10":"sale","11":"shipping-taxable","12":"purchasable","13":"product-type-simple"},"_links":{"self":[{"href":"https:\/\/gianghi.sgi.edu.vn\/index.php\/wp-json\/wp\/v2\/product\/109","targetHints":{"allow":["GET"]}}],"collection":[{"href":"https:\/\/gianghi.sgi.edu.vn\/index.php\/wp-json\/wp\/v2\/product"}],"about":[{"href":"https:\/\/gianghi.sgi.edu.vn\/index.php\/wp-json\/wp\/v2\/types\/product"}],"replies":[{"embeddable":true,"href":"https:\/\/gianghi.sgi.edu.vn\/index.php\/wp-json\/wp\/v2\/comments?post=109"}],"wp:featuredmedia":[{"embeddable":true,"href":"https:\/\/gianghi.sgi.edu.vn\/index.php\/wp-json\/wp\/v2\/media\/235"}],"wp:attachment":[{"href":"https:\/\/gianghi.sgi.edu.vn\/index.php\/wp-json\/wp\/v2\/media?parent=109"}],"wp:term":[{"taxonomy":"product_brand","embeddable":true,"href":"https:\/\/gianghi.sgi.edu.vn\/index.php\/wp-json\/wp\/v2\/product_brand?post=109"},{"taxonomy":"product_cat","embeddable":true,"href":"https:\/\/gianghi.sgi.edu.vn\/index.php\/wp-json\/wp\/v2\/product_cat?post=109"},{"taxonomy":"product_tag","embeddable":true,"href":"https:\/\/gianghi.sgi.edu.vn\/index.php\/wp-json\/wp\/v2\/product_tag?post=109"}],"curies":[{"name":"wp","href":"https:\/\/api.w.org\/{rel}","templated":true}]}}