{"id":108,"date":"2025-10-15T09:15:03","date_gmt":"2025-10-15T09:15:03","guid":{"rendered":"https:\/\/gianghi.sgi.edu.vn\/?post_type=product&#038;p=108"},"modified":"2025-11-13T08:14:22","modified_gmt":"2025-11-13T08:14:22","slug":"can-ho-2pn-view-noi-khu-chi-co-tai-destino-gia-uu-dai-trong-thang-10-rinh-qua-ngay","status":"publish","type":"product","link":"https:\/\/gianghi.sgi.edu.vn\/index.php\/san-pham\/can-ho-2pn-view-noi-khu-chi-co-tai-destino-gia-uu-dai-trong-thang-10-rinh-qua-ngay\/","title":{"rendered":"C\u0102N H\u1ed8 2PN VIEW N\u1ed8I KHU CH\u1ec8 C\u00d3 T\u1ea0I DESTINO &#8211; GI\u00c1 \u01afU \u0110\u00c3I TRONG TH\u00c1NG 10 &#8211; RINH QU\u00c0 NGAY!"},"content":{"rendered":"<p><img decoding=\"async\" src=\"https:\/\/file4.batdongsan.com.vn\/2025\/10\/10\/20251010103400-4d25_wm.jpg\" \/><\/p>\n<p>Chung c\u01b0 n\u1eb1m t\u1ea1i v\u1ecb tr\u00ed thu\u1eadn l\u1ee3i, thu\u1ed9c Qu\u1ed1c l\u1ed9 1A, X\u00e3 B\u00ecnh L\u1ee3i, B\u00ecnh Ch\u00e1nh, TP.HCM, l\u00e0 l\u1ef1a ch\u1ecdn l\u00fd t\u01b0\u1edfng cho nh\u1eefng ai t\u00ecm ki\u1ebfm kh\u00f4ng gian s\u1ed1ng tho\u1ea3i m\u00e1i v\u00e0 ti\u1ec7n nghi.<\/p>\n<p>&#8211; Di\u1ec7n t\u00edch r\u1ed9ng 46,92m\u00b2, ph\u00f9 h\u1ee3p cho gia \u0111\u00ecnh nh\u1ecf ho\u1eb7c c\u00e1 nh\u00e2n.<br \/>\n&#8211; Thi\u1ebft k\u1ebf 2PN, 1WC, t\u1ed1i \u01b0u h\u00f3a kh\u00f4ng gian s\u1ed1ng.<br \/>\n&#8211; N\u1ed9i th\u1ea5t c\u01a1 b\u1ea3n, d\u1ec5 d\u00e0ng t\u00f9y ch\u1ec9nh theo phong c\u00e1ch ri\u00eang.<br \/>\n&#8211; Ph\u00e1p l\u00fd \u0111\u1ea7y \u0111\u1ee7, \u0111\u1ea3m b\u1ea3o an t\u00e2m cho ng\u01b0\u1eddi s\u1edf h\u1eefu.<br \/>\n&#8211; Khu v\u1ef1c y\u00ean t\u0129nh, th\u00edch h\u1ee3p cho sinh ho\u1ea1t gia \u0111\u00ecnh v\u00e0 ngh\u1ec9 ng\u01a1i.<br \/>\n&#8211; Phong th\u1ee7y t\u1ed1t, mang l\u1ea1i s\u1ef1 th\u1ecbnh v\u01b0\u1ee3ng cho c\u01b0 d\u00e2n.<\/p>\n<p>&nbsp;<\/p>\n","protected":false},"excerpt":{"rendered":"<p>Chung c\u01b0 n\u1eb1m t\u1ea1i v\u1ecb tr\u00ed thu\u1eadn l\u1ee3i, thu\u1ed9c Qu\u1ed1c l\u1ed9 1A, X\u00e3 B\u00ecnh L\u1ee3i, B\u00ecnh Ch\u00e1nh, TP.HCM, l\u00e0 l\u1ef1a ch\u1ecdn l\u00fd t\u01b0\u1edfng cho nh\u1eefng ai t\u00ecm ki\u1ebfm kh\u00f4ng gian s\u1ed1ng tho\u1ea3i m\u00e1i v\u00e0 ti\u1ec7n nghi. &#8211; Di\u1ec7n t\u00edch r\u1ed9ng 46,92m\u00b2, ph\u00f9 h\u1ee3p cho gia \u0111\u00ecnh nh\u1ecf ho\u1eb7c c\u00e1 nh\u00e2n. &#8211; Thi\u1ebft k\u1ebf 2PN, 1WC, [&hellip;]<\/p>\n","protected":false},"featured_media":225,"comment_status":"open","ping_status":"closed","template":"","meta":[],"product_brand":[],"product_cat":[15],"product_tag":[],"class_list":{"0":"post-108","1":"product","2":"type-product","3":"status-publish","4":"has-post-thumbnail","6":"product_cat-chua-phan-loai","8":"first","9":"instock","10":"sale","11":"shipping-taxable","12":"purchasable","13":"product-type-simple"},"_links":{"self":[{"href":"https:\/\/gianghi.sgi.edu.vn\/index.php\/wp-json\/wp\/v2\/product\/108","targetHints":{"allow":["GET"]}}],"collection":[{"href":"https:\/\/gianghi.sgi.edu.vn\/index.php\/wp-json\/wp\/v2\/product"}],"about":[{"href":"https:\/\/gianghi.sgi.edu.vn\/index.php\/wp-json\/wp\/v2\/types\/product"}],"replies":[{"embeddable":true,"href":"https:\/\/gianghi.sgi.edu.vn\/index.php\/wp-json\/wp\/v2\/comments?post=108"}],"wp:featuredmedia":[{"embeddable":true,"href":"https:\/\/gianghi.sgi.edu.vn\/index.php\/wp-json\/wp\/v2\/media\/225"}],"wp:attachment":[{"href":"https:\/\/gianghi.sgi.edu.vn\/index.php\/wp-json\/wp\/v2\/media?parent=108"}],"wp:term":[{"taxonomy":"product_brand","embeddable":true,"href":"https:\/\/gianghi.sgi.edu.vn\/index.php\/wp-json\/wp\/v2\/product_brand?post=108"},{"taxonomy":"product_cat","embeddable":true,"href":"https:\/\/gianghi.sgi.edu.vn\/index.php\/wp-json\/wp\/v2\/product_cat?post=108"},{"taxonomy":"product_tag","embeddable":true,"href":"https:\/\/gianghi.sgi.edu.vn\/index.php\/wp-json\/wp\/v2\/product_tag?post=108"}],"curies":[{"name":"wp","href":"https:\/\/api.w.org\/{rel}","templated":true}]}}