{"id":106,"date":"2025-10-15T09:13:26","date_gmt":"2025-10-15T09:13:26","guid":{"rendered":"https:\/\/gianghi.sgi.edu.vn\/?post_type=product&#038;p=106"},"modified":"2025-11-13T07:59:30","modified_gmt":"2025-11-13T07:59:30","slug":"hem-to-nha-xinh-nha-hem-251-le-quang-dinh-p7-binh-thanh","status":"publish","type":"product","link":"https:\/\/gianghi.sgi.edu.vn\/index.php\/san-pham\/hem-to-nha-xinh-nha-hem-251-le-quang-dinh-p7-binh-thanh\/","title":{"rendered":"H\u1ebbm to, nh\u00e0 xinh \u2013 nh\u00e0 h\u1ebbm 251 L\u00ea Quang \u0110\u1ecbnh, P7, B\u00ecnh Th\u1ea1nh"},"content":{"rendered":"<p><img decoding=\"async\" class=\"emoji\" role=\"img\" draggable=\"false\" src=\"https:\/\/s.w.org\/images\/core\/emoji\/14.0.0\/svg\/1f396.svg\" alt=\"\ud83c\udf96\ufe0f\" \/> <img fetchpriority=\"high\" decoding=\"async\" class=\"alignnone wp-image-107\" src=\"https:\/\/gianghi.sgi.edu.vn\/wp-content\/uploads\/2025\/10\/z6790049310089_05736b7dddfe181681797dbb31bb7b5b-300x225.jpg\" alt=\"\" width=\"699\" height=\"524\" srcset=\"https:\/\/gianghi.sgi.edu.vn\/wp-content\/uploads\/2025\/10\/z6790049310089_05736b7dddfe181681797dbb31bb7b5b-300x225.jpg 300w, https:\/\/gianghi.sgi.edu.vn\/wp-content\/uploads\/2025\/10\/z6790049310089_05736b7dddfe181681797dbb31bb7b5b-600x450.jpg 600w, https:\/\/gianghi.sgi.edu.vn\/wp-content\/uploads\/2025\/10\/z6790049310089_05736b7dddfe181681797dbb31bb7b5b-1024x768.jpg 1024w, https:\/\/gianghi.sgi.edu.vn\/wp-content\/uploads\/2025\/10\/z6790049310089_05736b7dddfe181681797dbb31bb7b5b-768x576.jpg 768w, https:\/\/gianghi.sgi.edu.vn\/wp-content\/uploads\/2025\/10\/z6790049310089_05736b7dddfe181681797dbb31bb7b5b-1536x1152.jpg 1536w, https:\/\/gianghi.sgi.edu.vn\/wp-content\/uploads\/2025\/10\/z6790049310089_05736b7dddfe181681797dbb31bb7b5b.jpg 1750w\" sizes=\"(max-width: 699px) 100vw, 699px\" \/><\/p>\n","protected":false},"excerpt":{"rendered":"<p>16,5 t\u1ef7\ud83c\udf96\ufe0f\u00a0Ki\u1ebfm \u0111\u00e2u ra c\u0103n th\u1ee9 2 nh\u01b0 v\u1eady n\u1eefa<br \/>\nB\u00e1n nh\u00e0 h\u1ebbm 251 L\u00ea Quang \u0110\u1ecbnh, P7, B\u00ecnh Th\u1ea1nh (Ph\u01b0\u1eddng Gia \u0110\u1ecbnh) , h\u1ebbm xe h\u01a1i, Nh\u00e0 g\u1ea7n S.Th\u1ecb, tr\u01b0\u1eddng, ch\u1ee3 c\u00e1ch nh\u00e0 ch\u1ec9 200m.<br \/>\n\u26a1\ufe0f\u00a0Di\u1ec7n t\u00edch: 6x14m ~ 96m2 \u0111\u1ea5t<br \/>\n\u26a1\ufe0f\u00a0Hi\u1ec7n tr\u1ea1ng: tr\u1ec7t, 2 l\u1ea7u<br \/>\n\u26a1\ufe0f\u00a0Thi\u1ebft k\u1ebf: 4pn,4wc<br \/>\n\u26a1\ufe0f\u00a0H\u01b0\u1edbng: \u0110\u00f4ng nam<br \/>\n\u26a1\ufe0f\u00a0V\u1ecb tr\u00ed trung t\u00e2m S\u00e0i G\u00f2n, g\u1ea7n nhi\u1ec1u tuy\u1ebfn \u0111\u01b0\u1eddng l\u1edbn, thu\u1eadn ti\u1ec7n \u0111i l\u1ea1i c\u00e1c Qu\u1eadn kh\u00e1c trong trung t\u00e2m<\/p>\n","protected":false},"featured_media":156,"comment_status":"open","ping_status":"closed","template":"","meta":[],"product_brand":[],"product_cat":[15],"product_tag":[],"class_list":{"0":"post-106","1":"product","2":"type-product","3":"status-publish","4":"has-post-thumbnail","6":"product_cat-chua-phan-loai","8":"first","9":"instock","10":"sale","11":"shipping-taxable","12":"purchasable","13":"product-type-simple"},"_links":{"self":[{"href":"https:\/\/gianghi.sgi.edu.vn\/index.php\/wp-json\/wp\/v2\/product\/106","targetHints":{"allow":["GET"]}}],"collection":[{"href":"https:\/\/gianghi.sgi.edu.vn\/index.php\/wp-json\/wp\/v2\/product"}],"about":[{"href":"https:\/\/gianghi.sgi.edu.vn\/index.php\/wp-json\/wp\/v2\/types\/product"}],"replies":[{"embeddable":true,"href":"https:\/\/gianghi.sgi.edu.vn\/index.php\/wp-json\/wp\/v2\/comments?post=106"}],"wp:featuredmedia":[{"embeddable":true,"href":"https:\/\/gianghi.sgi.edu.vn\/index.php\/wp-json\/wp\/v2\/media\/156"}],"wp:attachment":[{"href":"https:\/\/gianghi.sgi.edu.vn\/index.php\/wp-json\/wp\/v2\/media?parent=106"}],"wp:term":[{"taxonomy":"product_brand","embeddable":true,"href":"https:\/\/gianghi.sgi.edu.vn\/index.php\/wp-json\/wp\/v2\/product_brand?post=106"},{"taxonomy":"product_cat","embeddable":true,"href":"https:\/\/gianghi.sgi.edu.vn\/index.php\/wp-json\/wp\/v2\/product_cat?post=106"},{"taxonomy":"product_tag","embeddable":true,"href":"https:\/\/gianghi.sgi.edu.vn\/index.php\/wp-json\/wp\/v2\/product_tag?post=106"}],"curies":[{"name":"wp","href":"https:\/\/api.w.org\/{rel}","templated":true}]}}