{"id":102,"date":"2025-10-15T09:12:19","date_gmt":"2025-10-15T09:12:19","guid":{"rendered":"https:\/\/gianghi.sgi.edu.vn\/?post_type=product&#038;p=102"},"modified":"2025-11-13T07:58:41","modified_gmt":"2025-11-13T07:58:41","slug":"thu-nhap-180tr-thang-roi-6-toa-chdv-8-tang-le-van-sy-gan-1000m2-san-gia-chi-39-ty","status":"publish","type":"product","link":"https:\/\/gianghi.sgi.edu.vn\/index.php\/san-pham\/thu-nhap-180tr-thang-roi-6-toa-chdv-8-tang-le-van-sy-gan-1000m2-san-gia-chi-39-ty\/","title":{"rendered":"Thu nh\u1eadp 180tr\/th\u00e1ng ~ROI 6% &#8211; To\u00e0 CHDV 8 t\u1ea7ng L\u00ea V\u0103n S\u1ef9 &#8211; g\u1ea7n 1000m2 s\u00e0n | Gi\u00e1 ch\u1ec9 39 t\u1ef7"},"content":{"rendered":"<p><img decoding=\"async\" src=\"https:\/\/file4.batdongsan.com.vn\/2025\/10\/15\/20251015111328-99f8_wm.jpg\" \/><\/p>\n<p>&nbsp;<\/p>\n<p>&nbsp;<\/p>\n","protected":false},"excerpt":{"rendered":"<p>N\u1eb1m \u0111o\u1ea1n L\u00ea V\u0103n S\u1ef9 \u0111ang n\u00f3ng tr\u00ean th\u1ecb tr\u01b0\u1eddng, nhi\u1ec1u nh\u00e0 \u0111\u1ea7u t\u01b0 t\u00ecm kinh doanh chdv, v\u0103n ph\u00f2ng, spa<br \/>\n+ Di\u1ec7n t\u00edch 147m\u00b2 \u0111\u1ea5t c\u00f4ng nh\u1eadn &#8211; s\u1ed5 vu\u00f4ng v\u1ee9c ko l\u1ed7i phong thu\u1ef7<\/p>\n<p>+ K\u1ebft c\u1ea5u: H\u1ea7m 8 L\u1ea7u &#8211; Di\u1ec7n t\u00edch s\u00e0n ~ 1100m\u00b2<\/p>\n<p>+ H\u1ebbm 7m H\u1ebbm \u0111\u1eb9p nh\u1ea5t khu V\u1ef1c, chuy\u00ean Kinh doanh CHDV, V\u0103n Ph\u00f2ng Spa,&#8230; Xe h\u01a1i tranh nhau th\u00f4ng tho\u00e1ng.<\/p>\n<p>+ N\u1ed9i th\u1ea5t chu\u1ea9n Ch\u00e2u \u00c2u v\u00e0 m\u1edbi 100 %, an ninh 24\/24. C\u00f3 khu v\u1ef1c \u0111\u1ec3 xe oto v\u00e0 xe m\u00e1y ti\u1ec7n l\u1ee3i, h\u1ec7 th\u1ed1ng ch\u1eefa ch\u00e1y an to\u00e0n v\u00e0 b\u1ea3o v\u1ec7 24\/24.<\/p>\n<p>+ S\u1ed5 h\u1ed3ng ri\u00eang, ho\u00e0n c\u00f4ng \u0111\u1ea7y \u0111\u1ee7<\/p>\n","protected":false},"featured_media":77,"comment_status":"open","ping_status":"closed","template":"","meta":[],"product_brand":[],"product_cat":[15],"product_tag":[],"class_list":{"0":"post-102","1":"product","2":"type-product","3":"status-publish","4":"has-post-thumbnail","6":"product_cat-chua-phan-loai","8":"first","9":"instock","10":"sale","11":"shipping-taxable","12":"purchasable","13":"product-type-simple"},"_links":{"self":[{"href":"https:\/\/gianghi.sgi.edu.vn\/index.php\/wp-json\/wp\/v2\/product\/102","targetHints":{"allow":["GET"]}}],"collection":[{"href":"https:\/\/gianghi.sgi.edu.vn\/index.php\/wp-json\/wp\/v2\/product"}],"about":[{"href":"https:\/\/gianghi.sgi.edu.vn\/index.php\/wp-json\/wp\/v2\/types\/product"}],"replies":[{"embeddable":true,"href":"https:\/\/gianghi.sgi.edu.vn\/index.php\/wp-json\/wp\/v2\/comments?post=102"}],"wp:featuredmedia":[{"embeddable":true,"href":"https:\/\/gianghi.sgi.edu.vn\/index.php\/wp-json\/wp\/v2\/media\/77"}],"wp:attachment":[{"href":"https:\/\/gianghi.sgi.edu.vn\/index.php\/wp-json\/wp\/v2\/media?parent=102"}],"wp:term":[{"taxonomy":"product_brand","embeddable":true,"href":"https:\/\/gianghi.sgi.edu.vn\/index.php\/wp-json\/wp\/v2\/product_brand?post=102"},{"taxonomy":"product_cat","embeddable":true,"href":"https:\/\/gianghi.sgi.edu.vn\/index.php\/wp-json\/wp\/v2\/product_cat?post=102"},{"taxonomy":"product_tag","embeddable":true,"href":"https:\/\/gianghi.sgi.edu.vn\/index.php\/wp-json\/wp\/v2\/product_tag?post=102"}],"curies":[{"name":"wp","href":"https:\/\/api.w.org\/{rel}","templated":true}]}}