{"id":10,"date":"2025-10-15T08:32:34","date_gmt":"2025-10-15T08:32:34","guid":{"rendered":"https:\/\/gianghi.sgi.edu.vn\/index.php\/gio-hang\/"},"modified":"2025-10-20T09:39:05","modified_gmt":"2025-10-20T09:39:05","slug":"gio-hang","status":"publish","type":"page","link":"https:\/\/gianghi.sgi.edu.vn\/index.php\/gio-hang\/","title":{"rendered":"Gi\u1ecf h\u00e0ng"},"content":{"rendered":"\t\t<div data-elementor-type=\"wp-page\" data-elementor-id=\"10\" class=\"elementor elementor-10\" data-elementor-post-type=\"page\">\n\t\t\t\t<div class=\"elementor-element elementor-element-1bc3b3c e-flex e-con-boxed e-con e-parent\" data-id=\"1bc3b3c\" data-element_type=\"container\">\n\t\t\t\t\t<div class=\"e-con-inner\">\n\t\t\t\t<div class=\"elementor-element elementor-element-67e340f1 elementor-widget elementor-widget-text-editor\" data-id=\"67e340f1\" data-element_type=\"widget\" data-widget_type=\"text-editor.default\">\n\t\t\t\t\t\t\t\t\t\n<div data-block-name=\"woocommerce\/cart\" class=\"wp-block-woocommerce-cart alignwide is-loading\">\n<div data-block-name=\"woocommerce\/filled-cart-block\" class=\"wp-block-woocommerce-filled-cart-block\">\n<div data-block-name=\"woocommerce\/cart-items-block\" class=\"wp-block-woocommerce-cart-items-block\">\n<div data-block-name=\"woocommerce\/cart-line-items-block\" class=\"wp-block-woocommerce-cart-line-items-block\"><\/div>\n\n\n\n\n\n\n<\/div>\n\n\n\n<div data-block-name=\"woocommerce\/cart-totals-block\" class=\"wp-block-woocommerce-cart-totals-block\">\n<div data-block-name=\"woocommerce\/cart-order-summary-block\" class=\"wp-block-woocommerce-cart-order-summary-block\">\n<div data-block-name=\"woocommerce\/cart-order-summary-heading-block\" data-content=\"T\u1ed5ng c\u1ed9ng gi\u1ecf h\u00e0ng\" class=\"wp-block-woocommerce-cart-order-summary-heading-block\"><\/div>\n\n\n\n<div data-block-name=\"woocommerce\/cart-order-summary-coupon-form-block\" class=\"wp-block-woocommerce-cart-order-summary-coupon-form-block\"><\/div>\n\n\n\n<div data-block-name=\"woocommerce\/cart-order-summary-totals-block\" class=\"wp-block-woocommerce-cart-order-summary-totals-block\">\n<div data-block-name=\"woocommerce\/cart-order-summary-subtotal-block\" class=\"wp-block-woocommerce-cart-order-summary-subtotal-block\"><\/div>\n\n\n\n<div data-block-name=\"woocommerce\/cart-order-summary-fee-block\" class=\"wp-block-woocommerce-cart-order-summary-fee-block\"><\/div>\n\n\n\n<div data-block-name=\"woocommerce\/cart-order-summary-discount-block\" class=\"wp-block-woocommerce-cart-order-summary-discount-block\"><\/div>\n\n\n\n<div data-block-name=\"woocommerce\/cart-order-summary-shipping-block\" class=\"wp-block-woocommerce-cart-order-summary-shipping-block\"><\/div>\n\n\n\n<div data-block-name=\"woocommerce\/cart-order-summary-taxes-block\" class=\"wp-block-woocommerce-cart-order-summary-taxes-block\"><\/div>\n<\/div>\n<\/div>\n\n\n\n<div data-block-name=\"woocommerce\/cart-express-payment-block\" class=\"wp-block-woocommerce-cart-express-payment-block\"><\/div>\n\n\n\n<div data-block-name=\"woocommerce\/proceed-to-checkout-block\" class=\"wp-block-woocommerce-proceed-to-checkout-block\"><\/div>\n\n\n\n<div data-block-name=\"woocommerce\/cart-accepted-payment-methods-block\" class=\"wp-block-woocommerce-cart-accepted-payment-methods-block\"><\/div>\n\n\n<\/div>\n<\/div>\n\n\n\n<div data-block-name=\"woocommerce\/empty-cart-block\" class=\"wp-block-woocommerce-empty-cart-block\">\n<h2 class=\"wp-block-heading has-text-align-center with-empty-cart-icon wc-block-cart__empty-cart__title\">Gi\u1ecf h\u00e0ng hi\u1ec7n t\u1ea1i ch\u01b0a c\u00f3 s\u1ea3n ph\u1ea9m n\u00e0o!<\/h2>\n\n\n\n<hr class=\"wp-block-separator has-alpha-channel-opacity is-style-dots\"\/>\n\n\n\n<h2 class=\"wp-block-heading has-text-align-center\">M\u1edbi trong c\u1eeda h\u00e0ng<\/h2>\n\n\n<div data-block-name=\"woocommerce\/product-new\" data-columns=\"4\" data-rows=\"1\" class=\"wc-block-grid wp-block-product-new wp-block-woocommerce-product-new wc-block-product-new has-4-columns\"><ul class=\"wc-block-grid__products\"><li class=\"wc-block-grid__product\">\n\t\t\t\t<a href=\"https:\/\/gianghi.sgi.edu.vn\/index.php\/san-pham\/hem-xh-nha-hem-119-nguyen-van-dau-p5-binh-thanh-phuong-binh-loi-trung-xe-hoi-toi-tan-noi-sao-chep\/\" class=\"wc-block-grid__product-link\">\n\t\t\t\t\t<div class=\"wc-block-grid__product-onsale\">\n\t\t\t<span aria-hidden=\"true\">Khuy\u1ebfn m\u1ea1i<\/span>\n\t\t\t<span class=\"screen-reader-text\">S\u1ea3n ph\u1ea9m \u0111ang gi\u1ea3m gi\u00e1<\/span>\n\t\t<\/div>\n\t\t\t\t\t<div class=\"wc-block-grid__product-image\"><img fetchpriority=\"high\" decoding=\"async\" width=\"300\" height=\"300\" src=\"https:\/\/gianghi.sgi.edu.vn\/wp-content\/uploads\/2025\/11\/Phu-my-hung-300x300.jpg\" class=\"attachment-woocommerce_thumbnail size-woocommerce_thumbnail\" alt=\"H\u1ebbm XH.!! nh\u00e0 h\u1ebbm 119 Nguy\u1ec5n V\u0103n \u0110\u1eadu, P5, B\u00ecnh Th\u1ea1nh (Ph\u01b0\u1eddng B\u00ecnh L\u1ee3i Trung) Xe H\u01a1i t\u1edbi t\u1eadn n\u01a1i (Sao ch\u00e9p)\" srcset=\"https:\/\/gianghi.sgi.edu.vn\/wp-content\/uploads\/2025\/11\/Phu-my-hung-300x300.jpg 300w, https:\/\/gianghi.sgi.edu.vn\/wp-content\/uploads\/2025\/11\/Phu-my-hung-150x150.jpg 150w, https:\/\/gianghi.sgi.edu.vn\/wp-content\/uploads\/2025\/11\/Phu-my-hung-100x100.jpg 100w\" sizes=\"(max-width: 300px) 100vw, 300px\" \/><\/div>\n\t\t\t\t\t<div class=\"wc-block-grid__product-title\">H\u1ebbm XH.!! nh\u00e0 h\u1ebbm 119 Nguy\u1ec5n V\u0103n \u0110\u1eadu, P5, B\u00ecnh Th\u1ea1nh (Ph\u01b0\u1eddng B\u00ecnh L\u1ee3i Trung) Xe H\u01a1i t\u1edbi t\u1eadn n\u01a1i (Sao ch\u00e9p)<\/div>\n\t\t\t\t<\/a>\n\t\t\t\t<div class=\"wc-block-grid__product-price price\"><del aria-hidden=\"true\"><span class=\"woocommerce-Price-amount amount\">500.000,00&nbsp;<span class=\"woocommerce-Price-currencySymbol\">&#036;<\/span><\/span><\/del> <span class=\"screen-reader-text\">Gi\u00e1 g\u1ed1c l\u00e0: 500.000,00&nbsp;&#036;.<\/span><ins aria-hidden=\"true\"><span class=\"woocommerce-Price-amount amount\">450.000,00&nbsp;<span class=\"woocommerce-Price-currencySymbol\">&#036;<\/span><\/span><\/ins><span class=\"screen-reader-text\">Gi\u00e1 hi\u1ec7n t\u1ea1i l\u00e0: 450.000,00&nbsp;&#036;.<\/span><\/div>\n\t\t\t\t\n\t\t\t\t<div class=\"wp-block-button wc-block-grid__product-add-to-cart\"><a href=\"\/index.php\/wp-json\/wp\/v2\/pages\/10?add-to-cart=378\" aria-label=\"Th\u00eam v\u00e0o gi\u1ecf h\u00e0ng: &ldquo;H\u1ebbm XH.!! nh\u00e0 h\u1ebbm 119 Nguy\u1ec5n V\u0103n \u0110\u1eadu, P5, B\u00ecnh Th\u1ea1nh (Ph\u01b0\u1eddng B\u00ecnh L\u1ee3i Trung) Xe H\u01a1i t\u1edbi t\u1eadn n\u01a1i (Sao ch\u00e9p)&rdquo;\" data-quantity=\"1\" data-product_id=\"378\" data-product_sku=\"\" data-price=\"450000\" rel=\"nofollow\" class=\"wp-block-button__link  add_to_cart_button ajax_add_to_cart\">Th\u00eam v\u00e0o gi\u1ecf h\u00e0ng<\/a><\/div>\n\t\t\t<\/li><li class=\"wc-block-grid__product\">\n\t\t\t\t<a href=\"https:\/\/gianghi.sgi.edu.vn\/index.php\/san-pham\/giam-200-trieu-ban-nhanh-trong-tuan-nha-duong-dinh-cuc-55x145m-gia-880-trieu-ngay-cau-binh-dien\/\" class=\"wc-block-grid__product-link\">\n\t\t\t\t\t<div class=\"wc-block-grid__product-onsale\">\n\t\t\t<span aria-hidden=\"true\">Khuy\u1ebfn m\u1ea1i<\/span>\n\t\t\t<span class=\"screen-reader-text\">S\u1ea3n ph\u1ea9m \u0111ang gi\u1ea3m gi\u00e1<\/span>\n\t\t<\/div>\n\t\t\t\t\t<div class=\"wc-block-grid__product-image\"><img decoding=\"async\" width=\"300\" height=\"300\" src=\"https:\/\/gianghi.sgi.edu.vn\/wp-content\/uploads\/2025\/10\/cropped-empirejpg-1759028662075-300x300.webp\" class=\"attachment-woocommerce_thumbnail size-woocommerce_thumbnail\" alt=\"Gi\u1ea3m 200 tri\u1ec7u b\u00e1n nhanh trong tu\u1ea7n nh\u00e0 D\u01b0\u01a1ng \u0110\u00ecnh C\u00fac 5,5x14,5m gi\u00e1 880 tri\u1ec7u ngay c\u1ea7u B\u00ecnh \u0110i\u1ec1n\" srcset=\"https:\/\/gianghi.sgi.edu.vn\/wp-content\/uploads\/2025\/10\/cropped-empirejpg-1759028662075-300x300.webp 300w, https:\/\/gianghi.sgi.edu.vn\/wp-content\/uploads\/2025\/10\/cropped-empirejpg-1759028662075-150x150.webp 150w, https:\/\/gianghi.sgi.edu.vn\/wp-content\/uploads\/2025\/10\/cropped-empirejpg-1759028662075-100x100.webp 100w\" sizes=\"(max-width: 300px) 100vw, 300px\" \/><\/div>\n\t\t\t\t\t<div class=\"wc-block-grid__product-title\">Gi\u1ea3m 200 tri\u1ec7u b\u00e1n nhanh trong tu\u1ea7n nh\u00e0 D\u01b0\u01a1ng \u0110\u00ecnh C\u00fac 5,5x14,5m gi\u00e1 880 tri\u1ec7u ngay c\u1ea7u B\u00ecnh \u0110i\u1ec1n<\/div>\n\t\t\t\t<\/a>\n\t\t\t\t<div class=\"wc-block-grid__product-price price\"><del aria-hidden=\"true\"><span class=\"woocommerce-Price-amount amount\">570.000,00&nbsp;<span class=\"woocommerce-Price-currencySymbol\">&#036;<\/span><\/span><\/del> <span class=\"screen-reader-text\">Gi\u00e1 g\u1ed1c l\u00e0: 570.000,00&nbsp;&#036;.<\/span><ins aria-hidden=\"true\"><span class=\"woocommerce-Price-amount amount\">550.000,00&nbsp;<span class=\"woocommerce-Price-currencySymbol\">&#036;<\/span><\/span><\/ins><span class=\"screen-reader-text\">Gi\u00e1 hi\u1ec7n t\u1ea1i l\u00e0: 550.000,00&nbsp;&#036;.<\/span><\/div>\n\t\t\t\t\n\t\t\t\t<div class=\"wp-block-button wc-block-grid__product-add-to-cart\"><a href=\"\/index.php\/wp-json\/wp\/v2\/pages\/10?add-to-cart=150\" aria-label=\"Th\u00eam v\u00e0o gi\u1ecf h\u00e0ng: &ldquo;Gi\u1ea3m 200 tri\u1ec7u b\u00e1n nhanh trong tu\u1ea7n nh\u00e0 D\u01b0\u01a1ng \u0110\u00ecnh C\u00fac 5,5x14,5m gi\u00e1 880 tri\u1ec7u ngay c\u1ea7u B\u00ecnh \u0110i\u1ec1n&rdquo;\" data-quantity=\"1\" data-product_id=\"150\" data-product_sku=\"\" data-price=\"550000\" rel=\"nofollow\" class=\"wp-block-button__link  add_to_cart_button ajax_add_to_cart\">Th\u00eam v\u00e0o gi\u1ecf h\u00e0ng<\/a><\/div>\n\t\t\t<\/li><li class=\"wc-block-grid__product\">\n\t\t\t\t<a href=\"https:\/\/gianghi.sgi.edu.vn\/index.php\/san-pham\/nha-dep-2-can-lo-nhi-huynh-tan-phat-quan-7\/\" class=\"wc-block-grid__product-link\">\n\t\t\t\t\t<div class=\"wc-block-grid__product-onsale\">\n\t\t\t<span aria-hidden=\"true\">Khuy\u1ebfn m\u1ea1i<\/span>\n\t\t\t<span class=\"screen-reader-text\">S\u1ea3n ph\u1ea9m \u0111ang gi\u1ea3m gi\u00e1<\/span>\n\t\t<\/div>\n\t\t\t\t\t<div class=\"wc-block-grid__product-image\"><img decoding=\"async\" width=\"300\" height=\"300\" src=\"https:\/\/gianghi.sgi.edu.vn\/wp-content\/uploads\/2025\/11\/IMG_0003-768x576-1-300x300.jpg\" class=\"attachment-woocommerce_thumbnail size-woocommerce_thumbnail\" alt=\"NH\u00c0 \u0110\u1eb8P 2 C\u0102N L\u00d4 NH\u00cc HU\u1ef2NH T\u1ea4N PH\u00c1T, QU\u1eacN 7\" srcset=\"https:\/\/gianghi.sgi.edu.vn\/wp-content\/uploads\/2025\/11\/IMG_0003-768x576-1-300x300.jpg 300w, https:\/\/gianghi.sgi.edu.vn\/wp-content\/uploads\/2025\/11\/IMG_0003-768x576-1-150x150.jpg 150w, https:\/\/gianghi.sgi.edu.vn\/wp-content\/uploads\/2025\/11\/IMG_0003-768x576-1-100x100.jpg 100w\" sizes=\"(max-width: 300px) 100vw, 300px\" \/><\/div>\n\t\t\t\t\t<div class=\"wc-block-grid__product-title\">NH\u00c0 \u0110\u1eb8P 2 C\u0102N L\u00d4 NH\u00cc HU\u1ef2NH T\u1ea4N PH\u00c1T, QU\u1eacN 7<\/div>\n\t\t\t\t<\/a>\n\t\t\t\t<div class=\"wc-block-grid__product-price price\"><del aria-hidden=\"true\"><span class=\"woocommerce-Price-amount amount\">800.000,00&nbsp;<span class=\"woocommerce-Price-currencySymbol\">&#036;<\/span><\/span><\/del> <span class=\"screen-reader-text\">Gi\u00e1 g\u1ed1c l\u00e0: 800.000,00&nbsp;&#036;.<\/span><ins aria-hidden=\"true\"><span class=\"woocommerce-Price-amount amount\">770.000,00&nbsp;<span class=\"woocommerce-Price-currencySymbol\">&#036;<\/span><\/span><\/ins><span class=\"screen-reader-text\">Gi\u00e1 hi\u1ec7n t\u1ea1i l\u00e0: 770.000,00&nbsp;&#036;.<\/span><\/div>\n\t\t\t\t\n\t\t\t\t<div class=\"wp-block-button wc-block-grid__product-add-to-cart\"><a href=\"\/index.php\/wp-json\/wp\/v2\/pages\/10?add-to-cart=214\" aria-label=\"Th\u00eam v\u00e0o gi\u1ecf h\u00e0ng: &ldquo;NH\u00c0 \u0110\u1eb8P 2 C\u0102N L\u00d4 NH\u00cc HU\u1ef2NH T\u1ea4N PH\u00c1T, QU\u1eacN 7&rdquo;\" data-quantity=\"1\" data-product_id=\"214\" data-product_sku=\"\" data-price=\"770000\" rel=\"nofollow\" class=\"wp-block-button__link  add_to_cart_button ajax_add_to_cart\">Th\u00eam v\u00e0o gi\u1ecf h\u00e0ng<\/a><\/div>\n\t\t\t<\/li><li class=\"wc-block-grid__product\">\n\t\t\t\t<a href=\"https:\/\/gianghi.sgi.edu.vn\/index.php\/san-pham\/ban-nha-861-tran-xuan-soan-quan-7\/\" class=\"wc-block-grid__product-link\">\n\t\t\t\t\t<div class=\"wc-block-grid__product-onsale\">\n\t\t\t<span aria-hidden=\"true\">Khuy\u1ebfn m\u1ea1i<\/span>\n\t\t\t<span class=\"screen-reader-text\">S\u1ea3n ph\u1ea9m \u0111ang gi\u1ea3m gi\u00e1<\/span>\n\t\t<\/div>\n\t\t\t\t\t<div class=\"wc-block-grid__product-image\"><img loading=\"lazy\" decoding=\"async\" width=\"300\" height=\"300\" src=\"https:\/\/gianghi.sgi.edu.vn\/wp-content\/uploads\/2025\/10\/z6790049310089_05736b7dddfe181681797dbb31bb7b5b-300x300.jpg\" class=\"attachment-woocommerce_thumbnail size-woocommerce_thumbnail\" alt=\"B\u00c1N NH\u00c0 861 TR\u1ea6N XU\u00c2N SO\u1ea0N, QU\u1eacN 7\" srcset=\"https:\/\/gianghi.sgi.edu.vn\/wp-content\/uploads\/2025\/10\/z6790049310089_05736b7dddfe181681797dbb31bb7b5b-300x300.jpg 300w, https:\/\/gianghi.sgi.edu.vn\/wp-content\/uploads\/2025\/10\/z6790049310089_05736b7dddfe181681797dbb31bb7b5b-100x100.jpg 100w, https:\/\/gianghi.sgi.edu.vn\/wp-content\/uploads\/2025\/10\/z6790049310089_05736b7dddfe181681797dbb31bb7b5b-150x150.jpg 150w\" sizes=\"(max-width: 300px) 100vw, 300px\" \/><\/div>\n\t\t\t\t\t<div class=\"wc-block-grid__product-title\">B\u00c1N NH\u00c0 861 TR\u1ea6N XU\u00c2N SO\u1ea0N, QU\u1eacN 7<\/div>\n\t\t\t\t<\/a>\n\t\t\t\t<div class=\"wc-block-grid__product-price price\"><del aria-hidden=\"true\"><span class=\"woocommerce-Price-amount amount\">650.000,00&nbsp;<span class=\"woocommerce-Price-currencySymbol\">&#036;<\/span><\/span><\/del> <span class=\"screen-reader-text\">Gi\u00e1 g\u1ed1c l\u00e0: 650.000,00&nbsp;&#036;.<\/span><ins aria-hidden=\"true\"><span class=\"woocommerce-Price-amount amount\">629.000,00&nbsp;<span class=\"woocommerce-Price-currencySymbol\">&#036;<\/span><\/span><\/ins><span class=\"screen-reader-text\">Gi\u00e1 hi\u1ec7n t\u1ea1i l\u00e0: 629.000,00&nbsp;&#036;.<\/span><\/div>\n\t\t\t\t\n\t\t\t\t<div class=\"wp-block-button wc-block-grid__product-add-to-cart\"><a href=\"\/index.php\/wp-json\/wp\/v2\/pages\/10?add-to-cart=212\" aria-label=\"Th\u00eam v\u00e0o gi\u1ecf h\u00e0ng: &ldquo;B\u00c1N NH\u00c0 861 TR\u1ea6N XU\u00c2N SO\u1ea0N, QU\u1eacN 7&rdquo;\" data-quantity=\"1\" data-product_id=\"212\" data-product_sku=\"\" data-price=\"629000\" rel=\"nofollow\" class=\"wp-block-button__link  add_to_cart_button ajax_add_to_cart\">Th\u00eam v\u00e0o gi\u1ecf h\u00e0ng<\/a><\/div>\n\t\t\t<\/li><\/ul><\/div><\/div>\n<\/div>\n\t\t\t\t\t\t\t\t<\/div>\n\t\t\t\t\t<\/div>\n\t\t\t\t<\/div>\n\t\t<div class=\"elementor-element elementor-element-7fc67cd e-flex e-con-boxed e-con e-parent\" data-id=\"7fc67cd\" data-element_type=\"container\">\n\t\t\t\t\t<div class=\"e-con-inner\">\n\t\t\t\t\t<\/div>\n\t\t\t\t<\/div>\n\t\t<div class=\"elementor-element elementor-element-640d74d e-con-full e-flex e-con e-parent\" data-id=\"640d74d\" data-element_type=\"container\">\n\t\t<div class=\"elementor-element elementor-element-da02479 e-con-full e-flex e-con e-child\" data-id=\"da02479\" data-element_type=\"container\">\n\t\t\t\t<\/div>\n\t\t\t\t<\/div>\n\t\t<div class=\"elementor-element elementor-element-97a103b e-grid e-con-boxed e-con e-parent\" data-id=\"97a103b\" data-element_type=\"container\">\n\t\t\t\t\t<div class=\"e-con-inner\">\n\t\t\t\t<div class=\"elementor-element elementor-element-c039f4b elementor-widget elementor-widget-heading\" data-id=\"c039f4b\" data-element_type=\"widget\" data-widget_type=\"heading.default\">\n\t\t\t\t\t<h2 class=\"elementor-heading-title elementor-size-default\">Elysian - Gi\u1ecf h\u00e0ng \u0111\u1ed9c quy\u1ec1n c\u0103n h\u1ed9 Studio: 2.686 t\u1ef7 - 1PN: 3.350 t\u1ef7 - 2PN: 5.523 t\u1ef7 bao thu\u1ebf ph\u00ed t\u1eb7ng lambogini aventador<\/h2>\t\t\t\t<\/div>\n\t\t\t\t<div class=\"elementor-element elementor-element-985c2ef elementor-widget elementor-widget-heading\" data-id=\"985c2ef\" data-element_type=\"widget\" data-widget_type=\"heading.default\">\n\t\t\t\t\t<h2 class=\"elementor-heading-title elementor-size-default\">QU\u00c0 N\u00d3NG 1 CHI\u1ebeC LAMBOGINI AVENTADOR TR\u1eca GI\u00c1 39 T\u1ef6<\/h2>\t\t\t\t<\/div>\n\t\t\t\t\t<\/div>\n\t\t\t\t<\/div>\n\t\t<div class=\"elementor-element elementor-element-398df3d e-grid e-con-boxed e-con e-parent\" data-id=\"398df3d\" data-element_type=\"container\">\n\t\t\t\t\t<div class=\"e-con-inner\">\n\t\t\t\t<div class=\"elementor-element elementor-element-fb2a779 elementor-widget elementor-widget-heading\" data-id=\"fb2a779\" data-element_type=\"widget\" data-widget_type=\"heading.default\">\n\t\t\t\t\t<h2 class=\"elementor-heading-title elementor-size-default\">Nh\u01b0\u1ee3ng l\u1ea1i su\u1ea5t NG Song L\u1eadp g\u00f3c m\u1eb7t bi\u1ec3n C\u1ea7n Gi\u1edd TDX.16-0x di\u1ec7n t\u00edch 181m2 gi\u00e1 \u01b0u \u0111\u00e3i CK 8% <br>C\u1ef0C HOT GI\u00c1 CH\u1ec8 T\u1eea 6,9 T\u1ef6<\/h2>\t\t\t\t<\/div>\n\t\t\t\t<div class=\"elementor-element elementor-element-56aebe2 elementor-widget elementor-widget-image\" data-id=\"56aebe2\" data-element_type=\"widget\" data-widget_type=\"image.default\">\n\t\t\t\t\t\t\t\t\t\t\t\t\t\t\t<img loading=\"lazy\" decoding=\"async\" width=\"537\" height=\"717\" src=\"https:\/\/gianghi.sgi.edu.vn\/wp-content\/uploads\/2025\/10\/ANHBATDONGSAN1.jpg\" class=\"attachment-large size-large wp-image-68\" alt=\"\" srcset=\"https:\/\/gianghi.sgi.edu.vn\/wp-content\/uploads\/2025\/10\/ANHBATDONGSAN1.jpg 537w, https:\/\/gianghi.sgi.edu.vn\/wp-content\/uploads\/2025\/10\/ANHBATDONGSAN1-350x467.jpg 350w, https:\/\/gianghi.sgi.edu.vn\/wp-content\/uploads\/2025\/10\/ANHBATDONGSAN1-225x300.jpg 225w\" sizes=\"(max-width: 537px) 100vw, 537px\" \/>\t\t\t\t\t\t\t\t\t\t\t\t\t\t\t<\/div>\n\t\t\t\t\t<\/div>\n\t\t\t\t<\/div>\n\t\t\t\t<\/div>\n\t\t","protected":false},"excerpt":{"rendered":"<p>Elysian &#8211; Gi\u1ecf h\u00e0ng \u0111\u1ed9c quy\u1ec1n c\u0103n h\u1ed9 Studio: 2.686 t\u1ef7 &#8211; 1PN: 3.350 t\u1ef7 &#8211; 2PN: 5.523 t\u1ef7 bao thu\u1ebf ph\u00ed t\u1eb7ng lambogini aventador QU\u00c0 N\u00d3NG 1 CHI\u1ebeC LAMBOGINI AVENTADOR TR\u1eca GI\u00c1 39 T\u1ef6 Nh\u01b0\u1ee3ng l\u1ea1i su\u1ea5t NG Song L\u1eadp g\u00f3c m\u1eb7t bi\u1ec3n C\u1ea7n Gi\u1edd TDX.16-0x di\u1ec7n t\u00edch 181m2 gi\u00e1 \u01b0u \u0111\u00e3i CK 8% [&hellip;]<\/p>\n","protected":false},"author":1,"featured_media":0,"parent":0,"menu_order":0,"comment_status":"closed","ping_status":"closed","template":"","meta":{"footnotes":""},"class_list":["post-10","page","type-page","status-publish","hentry"],"_links":{"self":[{"href":"https:\/\/gianghi.sgi.edu.vn\/index.php\/wp-json\/wp\/v2\/pages\/10","targetHints":{"allow":["GET"]}}],"collection":[{"href":"https:\/\/gianghi.sgi.edu.vn\/index.php\/wp-json\/wp\/v2\/pages"}],"about":[{"href":"https:\/\/gianghi.sgi.edu.vn\/index.php\/wp-json\/wp\/v2\/types\/page"}],"author":[{"embeddable":true,"href":"https:\/\/gianghi.sgi.edu.vn\/index.php\/wp-json\/wp\/v2\/users\/1"}],"replies":[{"embeddable":true,"href":"https:\/\/gianghi.sgi.edu.vn\/index.php\/wp-json\/wp\/v2\/comments?post=10"}],"version-history":[{"count":4,"href":"https:\/\/gianghi.sgi.edu.vn\/index.php\/wp-json\/wp\/v2\/pages\/10\/revisions"}],"predecessor-version":[{"id":163,"href":"https:\/\/gianghi.sgi.edu.vn\/index.php\/wp-json\/wp\/v2\/pages\/10\/revisions\/163"}],"wp:attachment":[{"href":"https:\/\/gianghi.sgi.edu.vn\/index.php\/wp-json\/wp\/v2\/media?parent=10"}],"curies":[{"name":"wp","href":"https:\/\/api.w.org\/{rel}","templated":true}]}}